{"id":838,"date":"2022-05-11T12:30:11","date_gmt":"2022-05-11T10:30:11","guid":{"rendered":"http:\/\/localhost:10118\/?post_type=product&#038;p=838"},"modified":"2024-10-08T10:24:57","modified_gmt":"2024-10-08T08:24:57","slug":"ees-200","status":"publish","type":"product","link":"https:\/\/enviroclean.se\/de\/products\/ees-200\/","title":{"rendered":"EES 400"},"content":{"rendered":"\n<article class=\"wp-block-dws-hero-block alignfull dws_text__hero\"><div class=\"dws_text__hero__image\"><img decoding=\"async\" alt=\"cover image\" src=\"https:\/\/enviroclean.se\/wp-content\/uploads\/2022\/05\/EES-400-1.jpg\"\/><div><\/div><\/div><div class=\"dws_text__hero__info\"><div class=\"dws_text__hero__info__content\"><h1>EES 400<\/h1><p>Modular emission station to integrate all needed components to conduct an efficient and fast emission test <\/p><\/div><\/div><\/article>\n\n<div style=\"height:72px\" aria-hidden=\"true\" class=\"wp-block-spacer\"><\/div>\n\n<div class=\"wp-block-group\"><div class=\"wp-block-group__inner-container is-layout-flow wp-block-group-is-layout-flow\">\n<div class=\"wp-block-group\"><div class=\"wp-block-group__inner-container is-layout-flow wp-block-group-is-layout-flow\">\n<article class=\"wp-block-dws-text-block\"><h1 class=\"dws_text__title\"><\/h1><p class=\"dws_text__content\">Unsere EnviroClean Emission Station 400, das Kombi-Messger\u00e4t f\u00fcr die Emissionspr\u00fcfung, besteht aus Komponenten der bekannten und erfolgreichen SGA 400-Serie.\nDer Messplatz kann genau nach Bedarf und Anforderung konfiguriert werden (Grundger\u00e4te, Rollwagen, Drucker, Gasmessmodul sichtbar oder im Wagen verstaut).\nDurch die gro\u00dfe und bei Bedarf sehr helle, zus\u00e4tzlich eingebaute LED-Anzeige k\u00f6nnen relevante Ergebnisse auch aus gr\u00f6\u00dferer Entfernung sehr gut abgelesen werden.\nF\u00fcr den deutschen Markt ist eine PC-gesteuerte Bedienung erforderlich. Die EES 400 kann mit einem vorhandenen Windows-Laptop und unserer Software betrieben werden oder alternativ mit dem mitgelieferten Laptop oder PC, inklusive Flachbildschirm.\n<\/p><\/article>\n<\/div><\/div>\n<\/div><\/div>\n\n<div class=\"wp-block-columns is-layout-flex wp-container-core-columns-is-layout-9d6595d7 wp-block-columns-is-layout-flex\">\n<div class=\"wp-block-column is-layout-flow wp-block-column-is-layout-flow\" style=\"flex-basis:100%\">\n<div class=\"wp-block-group\"><div class=\"wp-block-group__inner-container is-layout-flow wp-block-group-is-layout-flow\"><\/div><\/div>\n\n\n\n<article class=\"wp-block-dws-image dws_image\"><img decoding=\"async\" alt=\"cover image\" src=\"https:\/\/enviroclean.se\/wp-content\/uploads\/2022\/05\/EES-400-1.jpg\"\/><\/article>\n<\/div>\n<\/div>\n\n<article class=\"wp-block-dws-text-block\"><h1 class=\"dws_text__title\">Produktvorteile der modularen Station<\/h1><p class=\"dws_text__content\"><\/p><\/article>\n\n<div class=\"wp-block-group\"><div class=\"wp-block-group__inner-container is-layout-flow wp-block-group-is-layout-flow\">\n<article class=\"wp-block-dws-list dws_list\"><div><p class=\"dws_list__item\"><span class=\"dws_list__item-dot\"><\/span>Zukunftssicher: neue Typpr\u00fcfung durch PTB in Deutschland im Jahr 2022.<\/p><p class=\"dws_list__item\"><span class=\"dws_list__item-dot\"><\/span>Vorbereitet f\u00fcr die Integration und den Anschluss des EnviroClean Partikelz\u00e4hlers.<\/p><p class=\"dws_list__item\"><span class=\"dws_list__item-dot\"><\/span>Sehr hochwertige Industriequalit\u00e4t.<\/p><p class=\"dws_list__item\"><span class=\"dws_list__item-dot\"><\/span>Neueste Genauigkeitsklasse der Messger\u00e4te<\/p><p class=\"dws_list__item\"><span class=\"dws_list__item-dot\"><\/span>Sehr niedrige Betriebskosten und sehr geringer Wartungsaufwand.<\/p><p class=\"dws_list__item\"><span class=\"dws_list__item-dot\"><\/span>PC-Software gef\u00fchrter Ablauf und zus\u00e4tzliche gro\u00dfe LED-Anzeige direkt am Gasmessmodul.<\/p><p class=\"dws_list__item\"><span class=\"dws_list__item-dot\"><\/span>Aktueller Leitfaden 5.01 (f\u00fcr Deutschland) sowie Leitfaden 6 in Verbindung mit Partikelz\u00e4hler in Vorbereitung.<\/p><p class=\"dws_list__item\"><span class=\"dws_list__item-dot\"><\/span>EOBD-Kommunikation: Drehzahl und \u00d6ltemperatur k\u00f6nnen direkt \u00fcber OBD ausgelesen werden.<\/p><p class=\"dws_list__item\"><span class=\"dws_list__item-dot\"><\/span>Integrierter Thermodrucker Ideal zum Drucken des Ger\u00e4testatus usw.<\/p><p class=\"dws_list__item\"><span class=\"dws_list__item-dot\"><\/span>AU-Target Data (Fahrzeugherstellerdatenbank f\u00fcr den deutschen Markt)<\/p><\/div><\/article>\n<\/div><\/div>\n\n<p><\/p>\n\n<div class=\"wp-block-columns is-layout-flex wp-container-core-columns-is-layout-9d6595d7 wp-block-columns-is-layout-flex\">\n<div class=\"wp-block-column is-layout-flow wp-block-column-is-layout-flow\" style=\"flex-basis:100%\">\n<div class=\"wp-block-group\"><div class=\"wp-block-group__inner-container is-layout-flow wp-block-group-is-layout-flow\">\n<div class=\"wp-block-group\"><div class=\"wp-block-group__inner-container is-layout-flow wp-block-group-is-layout-flow\">\n<article class=\"wp-block-dws-text-block\"><h1 class=\"dws_text__title\">EES 400 Grundkonfiguration:<\/h1><p class=\"dws_text__content\"><\/p><\/article>\n\n\n\n<div class=\"wp-block-columns is-layout-flex wp-container-core-columns-is-layout-9d6595d7 wp-block-columns-is-layout-flex\">\n<div class=\"wp-block-column is-layout-flow wp-block-column-is-layout-flow\">\n<p>Gasmessmodul SGA 400<\/p>\n\n\n\n<article class=\"wp-block-dws-image dws_image\"><img decoding=\"async\" alt=\"cover image\" src=\"https:\/\/enviroclean.se\/wp-content\/uploads\/2022\/05\/SGA-400-table-h700.jpg\"\/><\/article>\n<\/div>\n\n\n\n<div class=\"wp-block-column is-vertically-aligned-center is-layout-flow wp-block-column-is-layout-flow\">\n<article class=\"wp-block-dws-list dws_list\"><div><p class=\"dws_list__item\"><span class=\"dws_list__item-dot\"><\/span>Hohe Industriequalit\u00e4t, MID-Zulassung sowie Baumusterzulassung durch PTB in Deutschland<\/p><p class=\"dws_list__item\"><span class=\"dws_list__item-dot\"><\/span>Aqua Sense: Sch\u00fctzt die Messzelle vor Defekten oder Beeintr\u00e4chtigungen durch Fl\u00fcssigkeiten im Abgas, die in das Ger\u00e4t eindringen k\u00f6nnten.<\/p><p class=\"dws_list__item\"><span class=\"dws_list__item-dot\"><\/span>Integrierte Drehzahlerfassung<\/p><p class=\"dws_list__item\"><span class=\"dws_list__item-dot\"><\/span>Sehr helles LED-Display als Zusatzanzeige zum PC-Display integriert.<\/p><p class=\"dws_list__item\"><span class=\"dws_list__item-dot\"><\/span>Integrierter Thermodrucker.<\/p><\/div><\/article>\n<\/div>\n<\/div>\n\n\n\n<div class=\"wp-block-columns is-layout-flex wp-container-core-columns-is-layout-9d6595d7 wp-block-columns-is-layout-flex\">\n<div class=\"wp-block-column is-layout-flow wp-block-column-is-layout-flow\">\n<p>Diesel Opazimeter SST 100<\/p>\n\n\n\n<article class=\"wp-block-dws-image dws_image\"><img decoding=\"async\" alt=\"cover image\" src=\"https:\/\/enviroclean.se\/wp-content\/uploads\/2022\/05\/SST100-table-h700.jpg\"\/><\/article>\n<\/div>\n\n\n\n<div class=\"wp-block-column is-vertically-aligned-center is-layout-flow wp-block-column-is-layout-flow\">\n<article class=\"wp-block-dws-list dws_list\"><div><p class=\"dws_list__item\"><span class=\"dws_list__item-dot\"><\/span>Schnelle Aufw\u00e4rmzeit und dadurch schnelle Messverf\u00fcgbarkeit<\/p><p class=\"dws_list__item\"><span class=\"dws_list__item-dot\"><\/span>Robustes, durchdates Design<\/p><p class=\"dws_list__item\"><span class=\"dws_list__item-dot\"><\/span>Sehr geringer Wartungsaufwand<\/p><p class=\"dws_list__item\"><span class=\"dws_list__item-dot\"><\/span>Geringer Stromverbrauch<\/p><\/div><\/article>\n<\/div>\n<\/div>\n<\/div><\/div>\n<\/div><\/div>\n<\/div>\n<\/div>\n\n<div class=\"wp-block-columns is-layout-flex wp-container-core-columns-is-layout-9d6595d7 wp-block-columns-is-layout-flex\">\n<div class=\"wp-block-column is-layout-flow wp-block-column-is-layout-flow\">\n<p>EOBD Tool OBD+<\/p>\n\n\n\n<article class=\"wp-block-dws-image dws_image\"><img decoding=\"async\" alt=\"cover image\" src=\"https:\/\/enviroclean.se\/wp-content\/uploads\/2022\/05\/OBD-table-700.jpg\"\/><\/article>\n<\/div>\n\n\n\n<div class=\"wp-block-column is-vertically-aligned-center is-layout-flow wp-block-column-is-layout-flow\">\n<article class=\"wp-block-dws-list dws_list\"><div><p class=\"dws_list__item\"><span class=\"dws_list__item-dot\"><\/span>Unterst\u00fctzt alle g\u00e4ngigen OBD-Standards (PKW + LKW).<\/p><p class=\"dws_list__item\"><span class=\"dws_list__item-dot\"><\/span>Robuste Konstruktion \/ Gummierter Kantenschutz.<\/p><p class=\"dws_list__item\"><span class=\"dws_list__item-dot\"><\/span>Bluetooth \/ USB, Spannungsversorgung \u00fcber Netzteil m\u00f6glich.<\/p><p class=\"dws_list__item\"><span class=\"dws_list__item-dot\"><\/span>Updatef\u00e4hig<\/p><p class=\"dws_list__item\"><span class=\"dws_list__item-dot\"><\/span>Integriertes Display\/ Kann ohne PC f\u00fcr Diagnosezwecke verwendet werden.<\/p><\/div><\/article>\n<\/div>\n<\/div>\n\n<div class=\"wp-block-columns is-layout-flex wp-container-core-columns-is-layout-9d6595d7 wp-block-columns-is-layout-flex\">\n<div class=\"wp-block-column is-layout-flow wp-block-column-is-layout-flow\">\n<p>Software SEMS<\/p>\n\n\n\n<article class=\"wp-block-dws-image dws_image\"><img decoding=\"async\" alt=\"cover image\" src=\"https:\/\/enviroclean.se\/wp-content\/uploads\/2022\/05\/SEMS-table-700.jpg\"\/><\/article>\n<\/div>\n\n\n\n<div class=\"wp-block-column is-vertically-aligned-center is-layout-flow wp-block-column-is-layout-flow\">\n<article class=\"wp-block-dws-list dws_list\"><div><p class=\"dws_list__item\"><span class=\"dws_list__item-dot\"><\/span>Anwendersoftware zur Bedienung der verschiedenen Messmodule. <\/p><p class=\"dws_list__item\"><span class=\"dws_list__item-dot\"><\/span>Intuitiver und schneller Pr\u00fcfablauf.<\/p><p class=\"dws_list__item\"><span class=\"dws_list__item-dot\"><\/span>Sehr schlanke Bauweise.<\/p><p class=\"dws_list__item\"><span class=\"dws_list__item-dot\"><\/span>Kundendatenbank<\/p><p class=\"dws_list__item\"><span class=\"dws_list__item-dot\"><\/span>Solldaten<\/p><p class=\"dws_list__item\"><span class=\"dws_list__item-dot\"><\/span>Schnittstelle oder Export f\u00fcr AU-Plus, A\u00dcK-Plus, ASA Export.<\/p><\/div><\/article>\n<\/div>\n<\/div>\n\n<div class=\"wp-block-columns is-layout-flex wp-container-core-columns-is-layout-9d6595d7 wp-block-columns-is-layout-flex\">\n<div class=\"wp-block-column is-layout-flow wp-block-column-is-layout-flow\"><\/div>\n\n\n\n<div class=\"wp-block-column is-layout-flow wp-block-column-is-layout-flow\"><\/div>\n<\/div>\n\n<div class=\"wp-block-columns is-layout-flex wp-container-core-columns-is-layout-9d6595d7 wp-block-columns-is-layout-flex\">\n<div class=\"wp-block-column is-layout-flow wp-block-column-is-layout-flow\" style=\"flex-basis:100%\">\n<div class=\"wp-block-columns is-layout-flex wp-container-core-columns-is-layout-9d6595d7 wp-block-columns-is-layout-flex\">\n<div class=\"wp-block-column is-layout-flow wp-block-column-is-layout-flow\">\n<p>Particle counter EPC 200<\/p>\n\n\n\n<article class=\"wp-block-dws-image dws_image\"><img decoding=\"async\" alt=\"cover image\" src=\"https:\/\/enviroclean.se\/wp-content\/uploads\/2022\/05\/EPC-200-1.jpg\"\/><\/article>\n<\/div>\n\n\n\n<div class=\"wp-block-column is-vertically-aligned-center is-layout-flow wp-block-column-is-layout-flow\">\n<article class=\"wp-block-dws-list dws_list\"><div><p class=\"dws_list__item\"><span class=\"dws_list__item-dot\"><\/span>Zukunftssichere, zuverl\u00e4ssige Technologie<\/p><p class=\"dws_list__item\"><span class=\"dws_list__item-dot\"><\/span>Kosteng\u00fcnstiger Betrieb, keine Verbrauchsmaterialien erforderlich<\/p><p class=\"dws_list__item\"><span class=\"dws_list__item-dot\"><\/span>Intuitiver Messablauf<\/p><p class=\"dws_list__item\"><span class=\"dws_list__item-dot\"><\/span>Teileingelassen in den Rollwagen, einfach herauszunehmen<\/p><p class=\"dws_list__item\"><span class=\"dws_list__item-dot\"><\/span>Betrieb etweder im Rollwagen oder au\u00dferhalb m\u00f6glich<\/p><\/div><\/article>\n<\/div>\n<\/div>\n<\/div>\n<\/div>\n\n<article class=\"wp-block-dws-image dws_image\"><img decoding=\"async\" alt=\"cover image\" src=\"https:\/\/enviroclean.se\/wp-content\/uploads\/2022\/05\/Variants-foreign-countriesy.png\"\/><\/article>\n\n<article class=\"wp-block-dws-text-block\"><h2 class=\"dws_text__title\">Download<\/h2><p class=\"dws_text__content\" style=\"margin-bottom:3em\"><\/p><div style=\"max-width:260px\"><a href=\"https:\/\/enviroclean.se\/wp-content\/uploads\/2022\/05\/enviroclean_ees400_v4_web.pdf\" style=\"text-decoration:none\"><div role=\"button\" tabindex=\"0\" class=\"dws_component__button\"><div>EES 400 Brochure<\/div><div><img decoding=\"async\" alt=\"&gt;\" src=\"data:image\/svg+xml;base64,PHN2ZyB3aWR0aD0iOCIgaGVpZ2h0PSIxMiIgdmlld0JveD0iMCAwIDggMTIiIGZpbGw9Im5vbmUiIHhtbG5zPSJodHRwOi8vd3d3LnczLm9yZy8yMDAwL3N2ZyI+DQogICAgPHBhdGggZD0iTTEuOTk5ODQgMEwwLjU4OTg0NCAxLjQxTDUuMTY5ODQgNkwwLjU4OTg0NCAxMC41OUwxLjk5OTg0IDEyTDcuOTk5ODQgNkwxLjk5OTg0IDBaIiBmaWxsPSJibGFjayIvPg0KPC9zdmc+\" class=\"dws_component__button__icon\"\/><\/div><\/div><\/a><\/div><\/article>\n\n<div style=\"height:100px\" aria-hidden=\"true\" class=\"wp-block-spacer\"><\/div>\n\n<div class=\"wp-block-contact-form-7-contact-form-selector\">\n<div class=\"wpcf7 no-js\" id=\"wpcf7-f834-o1\" lang=\"de-DE\" dir=\"ltr\">\n<div class=\"screen-reader-response\"><p role=\"status\" aria-live=\"polite\" aria-atomic=\"true\"><\/p> <ul><\/ul><\/div>\n<form action=\"\/de\/wp-json\/wp\/v2\/product\/838#wpcf7-f834-o1\" method=\"post\" class=\"wpcf7-form init\" aria-label=\"Kontaktformular\" novalidate=\"novalidate\" data-status=\"init\">\n<div style=\"display: none;\">\n<input type=\"hidden\" name=\"_wpcf7\" value=\"834\" \/>\n<input type=\"hidden\" name=\"_wpcf7_version\" value=\"5.8.4\" \/>\n<input type=\"hidden\" name=\"_wpcf7_locale\" value=\"de_DE\" \/>\n<input type=\"hidden\" name=\"_wpcf7_unit_tag\" value=\"wpcf7-f834-o1\" \/>\n<input type=\"hidden\" name=\"_wpcf7_container_post\" value=\"0\" \/>\n<input type=\"hidden\" name=\"_wpcf7_posted_data_hash\" value=\"\" \/>\n<input type=\"hidden\" name=\"_wpcf7_recaptcha_response\" value=\"\" \/>\n<\/div>\n<div class=\"alignfull contactForm__bg\">\n\t<article class=\"contactForm\">\n\t\t<div class=\"contactForm__title\">\n\t\t\t<h1>Kontaktieren Sie uns\n\t\t\t<\/h1>\n\t\t<\/div>\n\t\t<div class=\"contactForm__split\">\n\t\t\t<div class=\"contactForm__single\">\n\t\t\t\t<p><label for=\"form-name\">Name*<\/label><br \/>\n<span class=\"wpcf7-form-control-wrap\" data-name=\"form-name\"><input size=\"40\" class=\"wpcf7-form-control wpcf7-text wpcf7-validates-as-required contactForm__input\" id=\"form-name\" aria-required=\"true\" aria-invalid=\"false\" placeholder=\"Name*\" value=\"\" type=\"text\" name=\"form-name\" \/><\/span>\n\t\t\t\t<\/p>\n\t\t\t<\/div>\n\t\t\t<div class=\"contactForm__single\">\n\t\t\t\t<p><label for=\"form-email\">Email*<\/label><br \/>\n<span class=\"wpcf7-form-control-wrap\" data-name=\"form-email\"><input size=\"40\" class=\"wpcf7-form-control wpcf7-email wpcf7-validates-as-required wpcf7-text wpcf7-validates-as-email contactForm__input\" id=\"form-email\" aria-required=\"true\" aria-invalid=\"false\" placeholder=\"Email*\" value=\"\" type=\"email\" name=\"form-email\" \/><\/span>\n\t\t\t\t<\/p>\n\t\t\t<\/div>\n\t\t<\/div>\n\t\t<div class=\"contactForm__single\">\n\t\t\t<p><label for=\"form-company\">Firma<\/label><br \/>\n<span class=\"wpcf7-form-control-wrap\" data-name=\"form-company\"><input size=\"40\" class=\"wpcf7-form-control wpcf7-text contactForm__input\" id=\"form-company\" aria-invalid=\"false\" placeholder=\"Firma\" value=\"\" type=\"text\" name=\"form-company\" \/><\/span>\n\t\t\t<\/p>\n\t\t<\/div>\n\t\t<div class=\"contactForm__single\">\n\t\t\t<p><label for=\"form-message\">Ihre Nachricht*<\/label><br \/>\n<span class=\"wpcf7-form-control-wrap\" data-name=\"form-message\"><textarea cols=\"40\" rows=\"10\" class=\"wpcf7-form-control wpcf7-textarea wpcf7-validates-as-required contactForm__textArea\" id=\"form-message\" aria-required=\"true\" aria-invalid=\"false\" placeholder=\"Ihre Nachricht*\" name=\"form-message\"><\/textarea><\/span>\n\t\t\t<\/p>\n\t\t<\/div>\n\t\t<div class=\"contactForm__footer\">\n\t\t\t<p><input class=\"wpcf7-form-control wpcf7-submit has-spinner contactForm__submit\" type=\"submit\" value=\"Submit\" \/><br \/>\n\t\t\t<div class=\"wpcf7-response-output\" aria-hidden=\"true\"><\/div>\n\t\t\t<\/p>\n\t\t<\/div>\n\t<\/article>\n<\/div>\n<\/form>\n<\/div>\n<\/div>\n","protected":false},"featured_media":0,"parent":0,"menu_order":0,"template":"","meta":[],"categories":[],"class_list":["post-838","product","type-product","status-publish","hentry"],"acf":{"title":"EES 400","description":"Die modulare Abgasmessstation","image":"https:\/\/enviroclean.se\/wp-content\/uploads\/2022\/05\/EES-400-1.jpg","tag":"Neue Abgas-Messstation"},"yoast_head":"<!-- This site is optimized with the Yoast SEO plugin v21.6 - https:\/\/yoast.com\/wordpress\/plugins\/seo\/ -->\n<title>EES 400 - EnviroClean<\/title>\n<meta name=\"description\" content=\"Die EES 400: Eine modulare Abgasteststation mit optimal integrierten Komponenten f\u00fcr pr\u00e4zise Emissionsmessungen. Die Station ist so konzipiert, dass auch der optionale Partikelz\u00e4hler optimal integriert werden kann\" \/>\n<meta name=\"robots\" content=\"index, follow, max-snippet:-1, max-image-preview:large, max-video-preview:-1\" \/>\n<link rel=\"canonical\" href=\"https:\/\/enviroclean.se\/de\/products\/ees-200\/\" \/>\n<meta property=\"og:locale\" content=\"de_DE\" \/>\n<meta property=\"og:type\" content=\"article\" \/>\n<meta property=\"og:title\" content=\"EES 400 - EnviroClean\" \/>\n<meta property=\"og:description\" content=\"Die EES 400: Eine modulare Abgasteststation mit optimal integrierten Komponenten f\u00fcr pr\u00e4zise Emissionsmessungen. Die Station ist so konzipiert, dass auch der optionale Partikelz\u00e4hler optimal integriert werden kann\" \/>\n<meta property=\"og:url\" content=\"https:\/\/enviroclean.se\/de\/products\/ees-200\/\" \/>\n<meta property=\"og:site_name\" content=\"EnviroClean\" \/>\n<meta property=\"article:modified_time\" content=\"2024-10-08T08:24:57+00:00\" \/>\n<meta property=\"og:image\" content=\"https:\/\/enviroclean.se\/wp-content\/uploads\/2022\/05\/EES-400-1.jpg\" \/>\n<meta name=\"twitter:card\" content=\"summary_large_image\" \/>\n<meta name=\"twitter:label1\" content=\"Gesch\u00e4tzte Lesezeit\" \/>\n\t<meta name=\"twitter:data1\" content=\"4\u00a0Minuten\" \/>\n<script type=\"application\/ld+json\" class=\"yoast-schema-graph\">{\"@context\":\"https:\/\/schema.org\",\"@graph\":[{\"@type\":\"WebPage\",\"@id\":\"https:\/\/enviroclean.se\/de\/products\/ees-200\/\",\"url\":\"https:\/\/enviroclean.se\/de\/products\/ees-200\/\",\"name\":\"EES 400 - EnviroClean\",\"isPartOf\":{\"@id\":\"https:\/\/enviroclean.se\/#website\"},\"datePublished\":\"2022-05-11T10:30:11+00:00\",\"dateModified\":\"2024-10-08T08:24:57+00:00\",\"description\":\"Die EES 400: Eine modulare Abgasteststation mit optimal integrierten Komponenten f\u00fcr pr\u00e4zise Emissionsmessungen. Die Station ist so konzipiert, dass auch der optionale Partikelz\u00e4hler optimal integriert werden kann\",\"breadcrumb\":{\"@id\":\"https:\/\/enviroclean.se\/de\/products\/ees-200\/#breadcrumb\"},\"inLanguage\":\"de\",\"potentialAction\":[{\"@type\":\"ReadAction\",\"target\":[\"https:\/\/enviroclean.se\/de\/products\/ees-200\/\"]}]},{\"@type\":\"BreadcrumbList\",\"@id\":\"https:\/\/enviroclean.se\/de\/products\/ees-200\/#breadcrumb\",\"itemListElement\":[{\"@type\":\"ListItem\",\"position\":1,\"name\":\"Home\",\"item\":\"https:\/\/enviroclean.se\/de\/\"},{\"@type\":\"ListItem\",\"position\":2,\"name\":\"EES 400\"}]},{\"@type\":\"WebSite\",\"@id\":\"https:\/\/enviroclean.se\/#website\",\"url\":\"https:\/\/enviroclean.se\/\",\"name\":\"EnviroClean\",\"description\":\"Quality emission analyzers since 1994\",\"publisher\":{\"@id\":\"https:\/\/enviroclean.se\/#organization\"},\"potentialAction\":[{\"@type\":\"SearchAction\",\"target\":{\"@type\":\"EntryPoint\",\"urlTemplate\":\"https:\/\/enviroclean.se\/?s={search_term_string}\"},\"query-input\":\"required name=search_term_string\"}],\"inLanguage\":\"de\"},{\"@type\":\"Organization\",\"@id\":\"https:\/\/enviroclean.se\/#organization\",\"name\":\"EnviroClean\",\"url\":\"https:\/\/enviroclean.se\/\",\"logo\":{\"@type\":\"ImageObject\",\"inLanguage\":\"de\",\"@id\":\"https:\/\/enviroclean.se\/#\/schema\/logo\/image\/\",\"url\":\"https:\/\/enviroclean.se\/wp-content\/uploads\/2021\/09\/cropped-EnviroCleanExtremLowQuality-1.png\",\"contentUrl\":\"https:\/\/enviroclean.se\/wp-content\/uploads\/2021\/09\/cropped-EnviroCleanExtremLowQuality-1.png\",\"width\":326,\"height\":70,\"caption\":\"EnviroClean\"},\"image\":{\"@id\":\"https:\/\/enviroclean.se\/#\/schema\/logo\/image\/\"}}]}<\/script>\n<!-- \/ Yoast SEO plugin. -->","yoast_head_json":{"title":"EES 400 - EnviroClean","description":"Die EES 400: Eine modulare Abgasteststation mit optimal integrierten Komponenten f\u00fcr pr\u00e4zise Emissionsmessungen. Die Station ist so konzipiert, dass auch der optionale Partikelz\u00e4hler optimal integriert werden kann","robots":{"index":"index","follow":"follow","max-snippet":"max-snippet:-1","max-image-preview":"max-image-preview:large","max-video-preview":"max-video-preview:-1"},"canonical":"https:\/\/enviroclean.se\/de\/products\/ees-200\/","og_locale":"de_DE","og_type":"article","og_title":"EES 400 - EnviroClean","og_description":"Die EES 400: Eine modulare Abgasteststation mit optimal integrierten Komponenten f\u00fcr pr\u00e4zise Emissionsmessungen. Die Station ist so konzipiert, dass auch der optionale Partikelz\u00e4hler optimal integriert werden kann","og_url":"https:\/\/enviroclean.se\/de\/products\/ees-200\/","og_site_name":"EnviroClean","article_modified_time":"2024-10-08T08:24:57+00:00","og_image":[{"url":"https:\/\/enviroclean.se\/wp-content\/uploads\/2022\/05\/EES-400-1.jpg"}],"twitter_card":"summary_large_image","twitter_misc":{"Gesch\u00e4tzte Lesezeit":"4\u00a0Minuten"},"schema":{"@context":"https:\/\/schema.org","@graph":[{"@type":"WebPage","@id":"https:\/\/enviroclean.se\/de\/products\/ees-200\/","url":"https:\/\/enviroclean.se\/de\/products\/ees-200\/","name":"EES 400 - EnviroClean","isPartOf":{"@id":"https:\/\/enviroclean.se\/#website"},"datePublished":"2022-05-11T10:30:11+00:00","dateModified":"2024-10-08T08:24:57+00:00","description":"Die EES 400: Eine modulare Abgasteststation mit optimal integrierten Komponenten f\u00fcr pr\u00e4zise Emissionsmessungen. Die Station ist so konzipiert, dass auch der optionale Partikelz\u00e4hler optimal integriert werden kann","breadcrumb":{"@id":"https:\/\/enviroclean.se\/de\/products\/ees-200\/#breadcrumb"},"inLanguage":"de","potentialAction":[{"@type":"ReadAction","target":["https:\/\/enviroclean.se\/de\/products\/ees-200\/"]}]},{"@type":"BreadcrumbList","@id":"https:\/\/enviroclean.se\/de\/products\/ees-200\/#breadcrumb","itemListElement":[{"@type":"ListItem","position":1,"name":"Home","item":"https:\/\/enviroclean.se\/de\/"},{"@type":"ListItem","position":2,"name":"EES 400"}]},{"@type":"WebSite","@id":"https:\/\/enviroclean.se\/#website","url":"https:\/\/enviroclean.se\/","name":"EnviroClean","description":"Quality emission analyzers since 1994","publisher":{"@id":"https:\/\/enviroclean.se\/#organization"},"potentialAction":[{"@type":"SearchAction","target":{"@type":"EntryPoint","urlTemplate":"https:\/\/enviroclean.se\/?s={search_term_string}"},"query-input":"required name=search_term_string"}],"inLanguage":"de"},{"@type":"Organization","@id":"https:\/\/enviroclean.se\/#organization","name":"EnviroClean","url":"https:\/\/enviroclean.se\/","logo":{"@type":"ImageObject","inLanguage":"de","@id":"https:\/\/enviroclean.se\/#\/schema\/logo\/image\/","url":"https:\/\/enviroclean.se\/wp-content\/uploads\/2021\/09\/cropped-EnviroCleanExtremLowQuality-1.png","contentUrl":"https:\/\/enviroclean.se\/wp-content\/uploads\/2021\/09\/cropped-EnviroCleanExtremLowQuality-1.png","width":326,"height":70,"caption":"EnviroClean"},"image":{"@id":"https:\/\/enviroclean.se\/#\/schema\/logo\/image\/"}}]}},"_links":{"self":[{"href":"https:\/\/enviroclean.se\/de\/wp-json\/wp\/v2\/product\/838","targetHints":{"allow":["GET"]}}],"collection":[{"href":"https:\/\/enviroclean.se\/de\/wp-json\/wp\/v2\/product"}],"about":[{"href":"https:\/\/enviroclean.se\/de\/wp-json\/wp\/v2\/types\/product"}],"wp:attachment":[{"href":"https:\/\/enviroclean.se\/de\/wp-json\/wp\/v2\/media?parent=838"}],"wp:term":[{"taxonomy":"category","embeddable":true,"href":"https:\/\/enviroclean.se\/de\/wp-json\/wp\/v2\/categories?post=838"}],"curies":[{"name":"wp","href":"https:\/\/api.w.org\/{rel}","templated":true}]}}