{"id":723,"date":"2021-09-04T15:08:36","date_gmt":"2021-09-04T13:08:36","guid":{"rendered":"http:\/\/localhost:10118\/products\/sga-40\/"},"modified":"2021-11-23T15:29:35","modified_gmt":"2021-11-23T14:29:35","slug":"sga-40","status":"publish","type":"product","link":"https:\/\/enviroclean.se\/de\/products\/sga-40\/","title":{"rendered":"SGA 40"},"content":{"rendered":"\n<article class=\"wp-block-dws-hero-block alignfull dws_text__hero\"><div class=\"dws_text__hero__image\"><img decoding=\"async\" alt=\"cover image\" src=\"https:\/\/enviroclean.se\/wp-content\/uploads\/2021\/09\/Product-image-sga40.png\"><div><\/div><\/div><div class=\"dws_text__hero__info\"><div class=\"dws_text__hero__info__content\"><h1>SGA 40<\/h1><p>DAS SGA 40 ist ein sehr hochwertiges und robustes Abgasmessger\u00e4t. Sein Metallgeh\u00e4use kombiniert ein sehr robustes und zuverl\u00e4ssiges Design mit sehr guter Benutzerfreundlichkeit und Langlebigkeit. Dieses Ger\u00e4t bzw. seine Vorg\u00e4ngerversionen wurden seit 1994 in mehreren tausend Exemplaren hergestellt und haben sich \u00fcber die Zeit sehr gut bew\u00e4hrt<\/p><\/div><\/div><\/article>\n\n<article class=\"wp-block-dws-text-block\"><h1 class=\"dws_text__title\"><\/h1><p class=\"dws_text__content\">Die Messergebnisse sind dank der gro\u00dfen und sehr hellen LED-Anzeige auch aus gr\u00f6\u00dferer Entfernung sehr gut ablesbar. Zu den wichtigsten Funktionen geh\u00f6ren der automatische Nullabgleich, die automatische Gaskalibrierung, der Lecktest und der Test auf HC R\u00fcckst\u00e4nde Das SGA 40 ist als 3-, 4- oder 5-Gas-Analysator mit zus\u00e4tzlicher NOx Messung erh\u00e4ltlich.\n\nDas SGA 40 wird in Schweden hergestellt und basiert auf sehr hochwertigen Komponenten in Industriequalit\u00e4t. Es ist aufgrund der robusten Bauart ausgelegt f\u00fcr eine sehr lange Einsatzzeit. Geeignet sowohl zur Verwendung im Werkstattbereich als auch bei Pr\u00fcforganisationen. Das Gasanalyseger\u00e4t SGA 40 wird seit 1997 weltweit von Fahrzeugpr\u00fcfstellen eingesetzt.<\/p><\/article>\n\n<div style=\"height:40px\" aria-hidden=\"true\" class=\"wp-block-spacer\"><\/div>\n\n<div class=\"wp-block-columns is-layout-flex wp-container-core-columns-is-layout-9d6595d7 wp-block-columns-is-layout-flex\">\n<div class=\"wp-block-column is-layout-flow wp-block-column-is-layout-flow\">\n<article class=\"wp-block-dws-image dws_image\"><img decoding=\"async\" alt=\"cover image\" src=\"https:\/\/enviroclean.se\/wp-content\/uploads\/2021\/09\/SGA_40.png\"><\/article>\n<\/div>\n\n\n\n<div class=\"wp-block-column is-layout-flow wp-block-column-is-layout-flow\"><\/div>\n<\/div>\n\n<div class=\"wp-block-columns is-layout-flex wp-container-core-columns-is-layout-9d6595d7 wp-block-columns-is-layout-flex\">\n<div class=\"wp-block-column is-layout-flow wp-block-column-is-layout-flow\">\n<article class=\"wp-block-dws-list dws_list\"><div><p class=\"dws_list__item\"><span class=\"dws_list__item-dot\"><\/span>Wasserschutzsystem, das die Gasmessbank des Ger\u00e4tes vor Besch\u00e4digung sch\u00fctzt. <\/p><p class=\"dws_list__item\"><span class=\"dws_list__item-dot\"><\/span>Integrierter Thermodrucker <\/p><p class=\"dws_list__item\"><span class=\"dws_list__item-dot\"><\/span>Die Analysatoren k\u00f6nnen mit Spezifikationen programmiert werden, die den verschiedenen Gesetzgebungen entsprechen <\/p><\/div><\/article>\n<\/div>\n\n\n\n<div class=\"wp-block-column is-layout-flow wp-block-column-is-layout-flow\">\n<article class=\"wp-block-dws-list dws_list\"><div><p class=\"dws_list__item\"><span class=\"dws_list__item-dot\"><\/span>Hohe Zuverl\u00e4ssigkeit mit 12-monatigen Kalibrierintervallen <\/p><p class=\"dws_list__item\"><span class=\"dws_list__item-dot\"><\/span>Konfigurierbar als 3-, 4- oder 5-Gas-Analysator mit NOx<\/p><p class=\"dws_list__item\"><span class=\"dws_list__item-dot\"><\/span>Optische IR Messbank<\/p><\/div><\/article>\n<\/div>\n<\/div>\n\n<article class=\"wp-block-dws-table dws_table\"><h1 class=\"dws_table__title\">Technische details<\/h1><p class=\"dws_table__description\"><\/p><div class=\"dws_table__root\"><div class=\"dws_table__row\"><div class=\"dws_table__column\" style=\"width:calc((100% \/ 4) - 30px)\"><\/div><div class=\"dws_table__column\" style=\"width:calc((100% \/ 4) - 30px)\">Bereich<\/div><div class=\"dws_table__column\" style=\"width:calc((100% \/ 4) - 30px)\">Aufl\u00f6sung<\/div><div class=\"dws_table__column\" style=\"width:calc((100% \/ 4) - 30px)\">Genauigkeit<\/div><\/div><div class=\"dws_table__row\"><div class=\"dws_table__column\" style=\"width:calc((100% \/ 4) - 30px)\">CO<\/div><div class=\"dws_table__column\" style=\"width:calc((100% \/ 4) - 30px)\">0 &#8211; 10 vol. %<\/div><div class=\"dws_table__column\" style=\"width:calc((100% \/ 4) - 30px)\">0.01 vol. %<\/div><div class=\"dws_table__column\" style=\"width:calc((100% \/ 4) - 30px)\">0.02 vol. %<\/div><\/div><div class=\"dws_table__row\"><div class=\"dws_table__column\" style=\"width:calc((100% \/ 4) - 30px)\">HC<\/div><div class=\"dws_table__column\" style=\"width:calc((100% \/ 4) - 30px)\">0 &#8211; 20 000 vol.<\/div><div class=\"dws_table__column\" style=\"width:calc((100% \/ 4) - 30px)\">1 vol. ppm<\/div><div class=\"dws_table__column\" style=\"width:calc((100% \/ 4) - 30px)\">4 vol. ppm<\/div><\/div><div class=\"dws_table__row\"><div class=\"dws_table__column\" style=\"width:calc((100% \/ 4) - 30px)\">CO\u2082<\/div><div class=\"dws_table__column\" style=\"width:calc((100% \/ 4) - 30px)\">0 &#8211; 20 vol. %<\/div><div class=\"dws_table__column\" style=\"width:calc((100% \/ 4) - 30px)\">0.1 vol. %<\/div><div class=\"dws_table__column\" style=\"width:calc((100% \/ 4) - 30px)\">0.3 vol. %<\/div><\/div><div class=\"dws_table__row\"><div class=\"dws_table__column\" style=\"width:calc((100% \/ 4) - 30px)\">O\u2082<\/div><div class=\"dws_table__column\" style=\"width:calc((100% \/ 4) - 30px)\">0 &#8211; 25 vol. %<\/div><div class=\"dws_table__column\" style=\"width:calc((100% \/ 4) - 30px)\">0.01 vol. %<\/div><div class=\"dws_table__column\" style=\"width:calc((100% \/ 4) - 30px)\">0.1 vol. %<\/div><\/div><div class=\"dws_table__row\"><div class=\"dws_table__column\" style=\"width:calc((100% \/ 4) - 30px)\">Lambda<\/div><div class=\"dws_table__column\" style=\"width:calc((100% \/ 4) - 30px)\">0.6 &#8211; 1.7<\/div><div class=\"dws_table__column\" style=\"width:calc((100% \/ 4) - 30px)\">0.001<\/div><div class=\"dws_table__column\" style=\"width:calc((100% \/ 4) - 30px)\"><\/div><\/div><div class=\"dws_table__row\"><div class=\"dws_table__column\" style=\"width:calc((100% \/ 4) - 30px)\">AFR<\/div><div class=\"dws_table__column\" style=\"width:calc((100% \/ 4) - 30px)\">0 &#8211; 35<\/div><div class=\"dws_table__column\" style=\"width:calc((100% \/ 4) - 30px)\">0.01<\/div><div class=\"dws_table__column\" style=\"width:calc((100% \/ 4) - 30px)\"><\/div><\/div><div class=\"dws_table__row\"><div class=\"dws_table__column\" style=\"width:calc((100% \/ 4) - 30px)\">NOx<\/div><div class=\"dws_table__column\" style=\"width:calc((100% \/ 4) - 30px)\">0 &#8211; 5000 vol.<\/div><div class=\"dws_table__column\" style=\"width:calc((100% \/ 4) - 30px)\">1 vol. ppm<\/div><div class=\"dws_table__column\" style=\"width:calc((100% \/ 4) - 30px)\">25 vol. ppm<\/div><\/div><div class=\"dws_table__row\"><div class=\"dws_table__column\" style=\"width:calc((100% \/ 4) - 30px)\">Drehzahl<\/div><div class=\"dws_table__column\" style=\"width:calc((100% \/ 4) - 30px)\">0 &#8211; 9999 r\/m<\/div><div class=\"dws_table__column\" style=\"width:calc((100% \/ 4) - 30px)\">1 1\/m<\/div><div class=\"dws_table__column\" style=\"width:calc((100% \/ 4) - 30px)\"><\/div><\/div><\/div><\/article>\n\n<article class=\"wp-block-dws-pdf-block\" style=\"padding-block:20px\"><div style=\"max-width:260px\"><a href=\"https:\/\/enviroclean.se\/wp-content\/uploads\/2021\/09\/sga-40-eng-v0.4.pdf\" style=\"text-decoration:none\"><div role=\"button\" tabindex=\"0\" class=\"dws_component__button\"><div>Englisches Prospekt<\/div><div><img decoding=\"async\" alt=\"&lt;encoded_tag_closed \/&gt;\" src=\"data:image\/svg+xml;base64,PHN2ZyB3aWR0aD0iOCIgaGVpZ2h0PSIxMiIgdmlld0JveD0iMCAwIDggMTIiIGZpbGw9Im5vbmUiIHhtbG5zPSJodHRwOi8vd3d3LnczLm9yZy8yMDAwL3N2ZyI+DQogICAgPHBhdGggZD0iTTEuOTk5ODQgMEwwLjU4OTg0NCAxLjQxTDUuMTY5ODQgNkwwLjU4OTg0NCAxMC41OUwxLjk5OTg0IDEyTDcuOTk5ODQgNkwxLjk5OTg0IDBaIiBmaWxsPSJibGFjayIvPg0KPC9zdmc+\" class=\"dws_component__button__icon\"><\/div><\/div><\/a><\/div><\/article>\n\n<div style=\"height:80px\" aria-hidden=\"true\" class=\"wp-block-spacer\"><\/div>\n\n<div class=\"wp-block-contact-form-7-contact-form-selector alignfull\">\n<div class=\"wpcf7 no-js\" id=\"wpcf7-f834-o1\" lang=\"de-DE\" dir=\"ltr\">\n<div class=\"screen-reader-response\"><p role=\"status\" aria-live=\"polite\" aria-atomic=\"true\"><\/p> <ul><\/ul><\/div>\n<form action=\"\/de\/wp-json\/wp\/v2\/product\/723#wpcf7-f834-o1\" method=\"post\" class=\"wpcf7-form init\" aria-label=\"Kontaktformular\" novalidate=\"novalidate\" data-status=\"init\">\n<div style=\"display: none;\">\n<input type=\"hidden\" name=\"_wpcf7\" value=\"834\" \/>\n<input type=\"hidden\" name=\"_wpcf7_version\" value=\"5.8.4\" \/>\n<input type=\"hidden\" name=\"_wpcf7_locale\" value=\"de_DE\" \/>\n<input type=\"hidden\" name=\"_wpcf7_unit_tag\" value=\"wpcf7-f834-o1\" \/>\n<input type=\"hidden\" name=\"_wpcf7_container_post\" value=\"0\" \/>\n<input type=\"hidden\" name=\"_wpcf7_posted_data_hash\" value=\"\" \/>\n<input type=\"hidden\" name=\"_wpcf7_recaptcha_response\" value=\"\" \/>\n<\/div>\n<div class=\"alignfull contactForm__bg\">\n\t<article class=\"contactForm\">\n\t\t<div class=\"contactForm__title\">\n\t\t\t<h1>Kontaktieren Sie uns\n\t\t\t<\/h1>\n\t\t<\/div>\n\t\t<div class=\"contactForm__split\">\n\t\t\t<div class=\"contactForm__single\">\n\t\t\t\t<p><label for=\"form-name\">Name*<\/label><br \/>\n<span class=\"wpcf7-form-control-wrap\" data-name=\"form-name\"><input size=\"40\" class=\"wpcf7-form-control wpcf7-text wpcf7-validates-as-required contactForm__input\" id=\"form-name\" aria-required=\"true\" aria-invalid=\"false\" placeholder=\"Name*\" value=\"\" type=\"text\" name=\"form-name\" \/><\/span>\n\t\t\t\t<\/p>\n\t\t\t<\/div>\n\t\t\t<div class=\"contactForm__single\">\n\t\t\t\t<p><label for=\"form-email\">Email*<\/label><br \/>\n<span class=\"wpcf7-form-control-wrap\" data-name=\"form-email\"><input size=\"40\" class=\"wpcf7-form-control wpcf7-email wpcf7-validates-as-required wpcf7-text wpcf7-validates-as-email contactForm__input\" id=\"form-email\" aria-required=\"true\" aria-invalid=\"false\" placeholder=\"Email*\" value=\"\" type=\"email\" name=\"form-email\" \/><\/span>\n\t\t\t\t<\/p>\n\t\t\t<\/div>\n\t\t<\/div>\n\t\t<div class=\"contactForm__single\">\n\t\t\t<p><label for=\"form-company\">Firma<\/label><br \/>\n<span class=\"wpcf7-form-control-wrap\" data-name=\"form-company\"><input size=\"40\" class=\"wpcf7-form-control wpcf7-text contactForm__input\" id=\"form-company\" aria-invalid=\"false\" placeholder=\"Firma\" value=\"\" type=\"text\" name=\"form-company\" \/><\/span>\n\t\t\t<\/p>\n\t\t<\/div>\n\t\t<div class=\"contactForm__single\">\n\t\t\t<p><label for=\"form-message\">Ihre Nachricht*<\/label><br \/>\n<span class=\"wpcf7-form-control-wrap\" data-name=\"form-message\"><textarea cols=\"40\" rows=\"10\" class=\"wpcf7-form-control wpcf7-textarea wpcf7-validates-as-required contactForm__textArea\" id=\"form-message\" aria-required=\"true\" aria-invalid=\"false\" placeholder=\"Ihre Nachricht*\" name=\"form-message\"><\/textarea><\/span>\n\t\t\t<\/p>\n\t\t<\/div>\n\t\t<div class=\"contactForm__footer\">\n\t\t\t<p><input class=\"wpcf7-form-control wpcf7-submit has-spinner contactForm__submit\" type=\"submit\" value=\"Submit\" \/><br \/>\n\t\t\t<div class=\"wpcf7-response-output\" aria-hidden=\"true\"><\/div>\n\t\t\t<\/p>\n\t\t<\/div>\n\t<\/article>\n<\/div>\n<\/form>\n<\/div>\n<\/div>\n","protected":false},"featured_media":0,"parent":0,"menu_order":0,"template":"","meta":[],"categories":[],"class_list":["post-723","product","type-product","status-publish","hentry"],"acf":{"title":"SGA 40","image":"https:\/\/enviroclean.se\/wp-content\/uploads\/2021\/09\/SGA_40-1x1-1.png","tag":"Klassisches, hochwertiges 4-Gas Abgasmessger\u00e4t f\u00fcr die Emissionsmessung an Benzinmotoren"},"yoast_head":"<!-- This site is optimized with the Yoast SEO plugin v21.6 - https:\/\/yoast.com\/wordpress\/plugins\/seo\/ -->\n<title>SGA 40 - EnviroClean<\/title>\n<meta name=\"description\" content=\"DAS SGA 40 ist ein sehr hochwertiges und robustes Abgasmessger\u00e4t. Sein Metallgeh\u00e4use kombiniert ein sehr robustes Design mit einer sehr guten Benutzerfreundlichkeit.\" \/>\n<meta name=\"robots\" content=\"index, follow, max-snippet:-1, max-image-preview:large, max-video-preview:-1\" \/>\n<link rel=\"canonical\" href=\"https:\/\/enviroclean.se\/de\/products\/sga-40\/\" \/>\n<meta property=\"og:locale\" content=\"de_DE\" \/>\n<meta property=\"og:type\" content=\"article\" \/>\n<meta property=\"og:title\" content=\"SGA 40 - EnviroClean\" \/>\n<meta property=\"og:description\" content=\"DAS SGA 40 ist ein sehr hochwertiges und robustes Abgasmessger\u00e4t. Sein Metallgeh\u00e4use kombiniert ein sehr robustes Design mit einer sehr guten Benutzerfreundlichkeit.\" \/>\n<meta property=\"og:url\" content=\"https:\/\/enviroclean.se\/de\/products\/sga-40\/\" \/>\n<meta property=\"og:site_name\" content=\"EnviroClean\" \/>\n<meta property=\"article:modified_time\" content=\"2021-11-23T14:29:35+00:00\" \/>\n<meta property=\"og:image\" content=\"https:\/\/enviroclean.se\/wp-content\/uploads\/2021\/09\/Product-image-sga40.png\" \/>\n<meta name=\"twitter:card\" content=\"summary_large_image\" \/>\n<meta name=\"twitter:label1\" content=\"Gesch\u00e4tzte Lesezeit\" \/>\n\t<meta name=\"twitter:data1\" content=\"1\u00a0Minute\" \/>\n<script type=\"application\/ld+json\" class=\"yoast-schema-graph\">{\"@context\":\"https:\/\/schema.org\",\"@graph\":[{\"@type\":\"WebPage\",\"@id\":\"https:\/\/enviroclean.se\/de\/products\/sga-40\/\",\"url\":\"https:\/\/enviroclean.se\/de\/products\/sga-40\/\",\"name\":\"SGA 40 - EnviroClean\",\"isPartOf\":{\"@id\":\"https:\/\/enviroclean.se\/#website\"},\"datePublished\":\"2021-09-04T13:08:36+00:00\",\"dateModified\":\"2021-11-23T14:29:35+00:00\",\"description\":\"DAS SGA 40 ist ein sehr hochwertiges und robustes Abgasmessger\u00e4t. Sein Metallgeh\u00e4use kombiniert ein sehr robustes Design mit einer sehr guten Benutzerfreundlichkeit.\",\"breadcrumb\":{\"@id\":\"https:\/\/enviroclean.se\/de\/products\/sga-40\/#breadcrumb\"},\"inLanguage\":\"de\",\"potentialAction\":[{\"@type\":\"ReadAction\",\"target\":[\"https:\/\/enviroclean.se\/de\/products\/sga-40\/\"]}]},{\"@type\":\"BreadcrumbList\",\"@id\":\"https:\/\/enviroclean.se\/de\/products\/sga-40\/#breadcrumb\",\"itemListElement\":[{\"@type\":\"ListItem\",\"position\":1,\"name\":\"Home\",\"item\":\"https:\/\/enviroclean.se\/de\/\"},{\"@type\":\"ListItem\",\"position\":2,\"name\":\"SGA 40\"}]},{\"@type\":\"WebSite\",\"@id\":\"https:\/\/enviroclean.se\/#website\",\"url\":\"https:\/\/enviroclean.se\/\",\"name\":\"EnviroClean\",\"description\":\"Quality emission analyzers since 1994\",\"publisher\":{\"@id\":\"https:\/\/enviroclean.se\/#organization\"},\"potentialAction\":[{\"@type\":\"SearchAction\",\"target\":{\"@type\":\"EntryPoint\",\"urlTemplate\":\"https:\/\/enviroclean.se\/?s={search_term_string}\"},\"query-input\":\"required name=search_term_string\"}],\"inLanguage\":\"de\"},{\"@type\":\"Organization\",\"@id\":\"https:\/\/enviroclean.se\/#organization\",\"name\":\"EnviroClean\",\"url\":\"https:\/\/enviroclean.se\/\",\"logo\":{\"@type\":\"ImageObject\",\"inLanguage\":\"de\",\"@id\":\"https:\/\/enviroclean.se\/#\/schema\/logo\/image\/\",\"url\":\"https:\/\/enviroclean.se\/wp-content\/uploads\/2021\/09\/cropped-EnviroCleanExtremLowQuality-1.png\",\"contentUrl\":\"https:\/\/enviroclean.se\/wp-content\/uploads\/2021\/09\/cropped-EnviroCleanExtremLowQuality-1.png\",\"width\":326,\"height\":70,\"caption\":\"EnviroClean\"},\"image\":{\"@id\":\"https:\/\/enviroclean.se\/#\/schema\/logo\/image\/\"}}]}<\/script>\n<!-- \/ Yoast SEO plugin. -->","yoast_head_json":{"title":"SGA 40 - EnviroClean","description":"DAS SGA 40 ist ein sehr hochwertiges und robustes Abgasmessger\u00e4t. Sein Metallgeh\u00e4use kombiniert ein sehr robustes Design mit einer sehr guten Benutzerfreundlichkeit.","robots":{"index":"index","follow":"follow","max-snippet":"max-snippet:-1","max-image-preview":"max-image-preview:large","max-video-preview":"max-video-preview:-1"},"canonical":"https:\/\/enviroclean.se\/de\/products\/sga-40\/","og_locale":"de_DE","og_type":"article","og_title":"SGA 40 - EnviroClean","og_description":"DAS SGA 40 ist ein sehr hochwertiges und robustes Abgasmessger\u00e4t. Sein Metallgeh\u00e4use kombiniert ein sehr robustes Design mit einer sehr guten Benutzerfreundlichkeit.","og_url":"https:\/\/enviroclean.se\/de\/products\/sga-40\/","og_site_name":"EnviroClean","article_modified_time":"2021-11-23T14:29:35+00:00","og_image":[{"url":"https:\/\/enviroclean.se\/wp-content\/uploads\/2021\/09\/Product-image-sga40.png"}],"twitter_card":"summary_large_image","twitter_misc":{"Gesch\u00e4tzte Lesezeit":"1\u00a0Minute"},"schema":{"@context":"https:\/\/schema.org","@graph":[{"@type":"WebPage","@id":"https:\/\/enviroclean.se\/de\/products\/sga-40\/","url":"https:\/\/enviroclean.se\/de\/products\/sga-40\/","name":"SGA 40 - EnviroClean","isPartOf":{"@id":"https:\/\/enviroclean.se\/#website"},"datePublished":"2021-09-04T13:08:36+00:00","dateModified":"2021-11-23T14:29:35+00:00","description":"DAS SGA 40 ist ein sehr hochwertiges und robustes Abgasmessger\u00e4t. Sein Metallgeh\u00e4use kombiniert ein sehr robustes Design mit einer sehr guten Benutzerfreundlichkeit.","breadcrumb":{"@id":"https:\/\/enviroclean.se\/de\/products\/sga-40\/#breadcrumb"},"inLanguage":"de","potentialAction":[{"@type":"ReadAction","target":["https:\/\/enviroclean.se\/de\/products\/sga-40\/"]}]},{"@type":"BreadcrumbList","@id":"https:\/\/enviroclean.se\/de\/products\/sga-40\/#breadcrumb","itemListElement":[{"@type":"ListItem","position":1,"name":"Home","item":"https:\/\/enviroclean.se\/de\/"},{"@type":"ListItem","position":2,"name":"SGA 40"}]},{"@type":"WebSite","@id":"https:\/\/enviroclean.se\/#website","url":"https:\/\/enviroclean.se\/","name":"EnviroClean","description":"Quality emission analyzers since 1994","publisher":{"@id":"https:\/\/enviroclean.se\/#organization"},"potentialAction":[{"@type":"SearchAction","target":{"@type":"EntryPoint","urlTemplate":"https:\/\/enviroclean.se\/?s={search_term_string}"},"query-input":"required name=search_term_string"}],"inLanguage":"de"},{"@type":"Organization","@id":"https:\/\/enviroclean.se\/#organization","name":"EnviroClean","url":"https:\/\/enviroclean.se\/","logo":{"@type":"ImageObject","inLanguage":"de","@id":"https:\/\/enviroclean.se\/#\/schema\/logo\/image\/","url":"https:\/\/enviroclean.se\/wp-content\/uploads\/2021\/09\/cropped-EnviroCleanExtremLowQuality-1.png","contentUrl":"https:\/\/enviroclean.se\/wp-content\/uploads\/2021\/09\/cropped-EnviroCleanExtremLowQuality-1.png","width":326,"height":70,"caption":"EnviroClean"},"image":{"@id":"https:\/\/enviroclean.se\/#\/schema\/logo\/image\/"}}]}},"_links":{"self":[{"href":"https:\/\/enviroclean.se\/de\/wp-json\/wp\/v2\/product\/723","targetHints":{"allow":["GET"]}}],"collection":[{"href":"https:\/\/enviroclean.se\/de\/wp-json\/wp\/v2\/product"}],"about":[{"href":"https:\/\/enviroclean.se\/de\/wp-json\/wp\/v2\/types\/product"}],"wp:attachment":[{"href":"https:\/\/enviroclean.se\/de\/wp-json\/wp\/v2\/media?parent=723"}],"wp:term":[{"taxonomy":"category","embeddable":true,"href":"https:\/\/enviroclean.se\/de\/wp-json\/wp\/v2\/categories?post=723"}],"curies":[{"name":"wp","href":"https:\/\/api.w.org\/{rel}","templated":true}]}}