{"id":656,"date":"2021-09-04T15:08:47","date_gmt":"2021-09-04T13:08:47","guid":{"rendered":"http:\/\/localhost:10118\/products\/sst-100\/"},"modified":"2022-09-06T16:05:48","modified_gmt":"2022-09-06T14:05:48","slug":"sst-100","status":"publish","type":"product","link":"https:\/\/enviroclean.se\/de\/products\/sst-100\/","title":{"rendered":"SST 100"},"content":{"rendered":"\n<article class=\"wp-block-dws-hero-block alignfull dws_text__hero\"><div class=\"dws_text__hero__image\"><img decoding=\"async\" alt=\"cover image\" src=\"https:\/\/enviroclean.se\/wp-content\/uploads\/2021\/09\/Product-image-sst100.png\"><div><\/div><\/div><div class=\"dws_text__hero__info\"><div class=\"dws_text__hero__info__content\"><h1>SST 100<\/h1><p>Das SST100 Tr\u00fcbungsmessger\u00e4t ist ein Tr\u00fcbungsmessger\u00e4t \/ Opazimeter zur Messung der Abgase von Dieselmotoren. Sehr gut geeignet sowohl f\u00fcr den Einatz in der Werkstatt als auch bei Pr\u00fcforganisationen. <\/p><\/div><\/div><\/article>\n\n<article class=\"wp-block-dws-text-block\"><h1 class=\"dws_text__title\"><\/h1><p class=\"dws_text__content\">Das SST 100 ist leicht, handlich und besitzt eine sehr schnelle Aufheizzeit zur schnellen Einsatzbereitschaft. Es arbeitet dennoch sehr effizient mit niedrigem Stromverbrauch Die integrierte Software verf\u00fcgt \u00fcber ein sehr funktionales Protokoll, das eine einfache Anpassung an jedes Hostsystem, z. B. PC erm\u00f6glicht. Marktspezifische Anpassungen sind problemlos m\u00f6glich \n\nDas optionale Bluetooth-Modul erm\u00f6glicht eine schnurlose Kommunikation des SST 100 und macht damit den Einsatz noch flexibler in der Werkstatt. <\/p><\/article>\n\n<div style=\"height:40px\" aria-hidden=\"true\" class=\"wp-block-spacer\"><\/div>\n\n<div class=\"wp-block-columns is-layout-flex wp-container-core-columns-is-layout-9d6595d7 wp-block-columns-is-layout-flex\">\n<div class=\"wp-block-column is-layout-flow wp-block-column-is-layout-flow\">\n<article class=\"wp-block-dws-image dws_image\"><img decoding=\"async\" alt=\"cover image\" src=\"https:\/\/enviroclean.se\/wp-content\/uploads\/2021\/09\/SST_100.png\"><\/article>\n<\/div>\n\n\n\n<div class=\"wp-block-column is-layout-flow wp-block-column-is-layout-flow\"><\/div>\n<\/div>\n\n<div class=\"wp-block-columns is-layout-flex wp-container-core-columns-is-layout-9d6595d7 wp-block-columns-is-layout-flex\">\n<div class=\"wp-block-column is-layout-flow wp-block-column-is-layout-flow\">\n<article class=\"wp-block-dws-list dws_list\"><div><p class=\"dws_list__item\"><span class=\"dws_list__item-dot\"><\/span>Entworfen nach ISO 11614 und 72\/306\/EEC<\/p><\/div><\/article>\n<\/div>\n\n\n\n<div class=\"wp-block-column is-layout-flow wp-block-column-is-layout-flow\">\n<article class=\"wp-block-dws-list dws_list\"><div><p class=\"dws_list__item\"><span class=\"dws_list__item-dot\"><\/span>Optionales Bluetooth-Modul<\/p><\/div><\/article>\n<\/div>\n<\/div>\n\n<article class=\"wp-block-dws-table dws_table\"><h1 class=\"dws_table__title\">Technische details<\/h1><p class=\"dws_table__description\"><\/p><div class=\"dws_table__root\"><div class=\"dws_table__row\"><div class=\"dws_table__column\" style=\"width:calc((100% \/ 4) - 30px)\"><\/div><div class=\"dws_table__column\" style=\"width:calc((100% \/ 4) - 30px)\">Bereich<\/div><div class=\"dws_table__column\" style=\"width:calc((100% \/ 4) - 30px)\">Aufl\u00f6sung<\/div><div class=\"dws_table__column\" style=\"width:calc((100% \/ 4) - 30px)\">Genauigkeit<\/div><\/div><div class=\"dws_table__row\"><div class=\"dws_table__column\" style=\"width:calc((100% \/ 4) - 30px)\">Tr\u00fcbung<\/div><div class=\"dws_table__column\" style=\"width:calc((100% \/ 4) - 30px)\">0 &#8211; 99.9%<\/div><div class=\"dws_table__column\" style=\"width:calc((100% \/ 4) - 30px)\">0.1%<\/div><div class=\"dws_table__column\" style=\"width:calc((100% \/ 4) - 30px)\">2%<\/div><\/div><div class=\"dws_table__row\"><div class=\"dws_table__column\" style=\"width:calc((100% \/ 4) - 30px)\">K-Wert<\/div><div class=\"dws_table__column\" style=\"width:calc((100% \/ 4) - 30px)\">0 \u2013 16.06 m\u207b\u00b9<\/div><div class=\"dws_table__column\" style=\"width:calc((100% \/ 4) - 30px)\">0.01 m\u207b\u00b9<\/div><div class=\"dws_table__column\" style=\"width:calc((100% \/ 4) - 30px)\">2%<\/div><\/div><\/div><\/article>\n\n<article class=\"wp-block-dws-pdf-block\" style=\"padding-block:20px\"><div style=\"max-width:260px\"><a href=\"https:\/\/enviroclean.se\/wp-content\/uploads\/2021\/09\/SST-100-ENG-V.04.pdf\" style=\"text-decoration:none\"><div role=\"button\" tabindex=\"0\" class=\"dws_component__button\"><div>Englisches Prospekt<\/div><div><img decoding=\"async\" alt=\"&lt;encoded_tag_closed \/&gt;\" src=\"data:image\/svg+xml;base64,PHN2ZyB3aWR0aD0iOCIgaGVpZ2h0PSIxMiIgdmlld0JveD0iMCAwIDggMTIiIGZpbGw9Im5vbmUiIHhtbG5zPSJodHRwOi8vd3d3LnczLm9yZy8yMDAwL3N2ZyI+DQogICAgPHBhdGggZD0iTTEuOTk5ODQgMEwwLjU4OTg0NCAxLjQxTDUuMTY5ODQgNkwwLjU4OTg0NCAxMC41OUwxLjk5OTg0IDEyTDcuOTk5ODQgNkwxLjk5OTg0IDBaIiBmaWxsPSJibGFjayIvPg0KPC9zdmc+\" class=\"dws_component__button__icon\"><\/div><\/div><\/a><\/div><\/article>\n\n<article class=\"wp-block-dws-pdf-block\" style=\"padding-block:20px\"><div style=\"max-width:260px\"><a href=\"https:\/\/enviroclean.se\/wp-content\/uploads\/2021\/09\/sst-100-sve-v0.4.pdf\" style=\"text-decoration:none\"><div role=\"button\" tabindex=\"0\" class=\"dws_component__button\"><div>Schwedisches Prospekt<\/div><div><img decoding=\"async\" alt=\"&lt;encoded_tag_closed \/&gt;\" src=\"data:image\/svg+xml;base64,PHN2ZyB3aWR0aD0iOCIgaGVpZ2h0PSIxMiIgdmlld0JveD0iMCAwIDggMTIiIGZpbGw9Im5vbmUiIHhtbG5zPSJodHRwOi8vd3d3LnczLm9yZy8yMDAwL3N2ZyI+DQogICAgPHBhdGggZD0iTTEuOTk5ODQgMEwwLjU4OTg0NCAxLjQxTDUuMTY5ODQgNkwwLjU4OTg0NCAxMC41OUwxLjk5OTg0IDEyTDcuOTk5ODQgNkwxLjk5OTg0IDBaIiBmaWxsPSJibGFjayIvPg0KPC9zdmc+\" class=\"dws_component__button__icon\"><\/div><\/div><\/a><\/div><\/article>\n\n<div style=\"height:80px\" aria-hidden=\"true\" class=\"wp-block-spacer\"><\/div>\n\n<div class=\"wp-block-contact-form-7-contact-form-selector alignfull\">\n<div class=\"wpcf7 no-js\" id=\"wpcf7-f834-o1\" lang=\"de-DE\" dir=\"ltr\">\n<div class=\"screen-reader-response\"><p role=\"status\" aria-live=\"polite\" aria-atomic=\"true\"><\/p> <ul><\/ul><\/div>\n<form action=\"\/de\/wp-json\/wp\/v2\/product\/656#wpcf7-f834-o1\" method=\"post\" class=\"wpcf7-form init\" aria-label=\"Kontaktformular\" novalidate=\"novalidate\" data-status=\"init\">\n<div style=\"display: none;\">\n<input type=\"hidden\" name=\"_wpcf7\" value=\"834\" \/>\n<input type=\"hidden\" name=\"_wpcf7_version\" value=\"5.8.4\" \/>\n<input type=\"hidden\" name=\"_wpcf7_locale\" value=\"de_DE\" \/>\n<input type=\"hidden\" name=\"_wpcf7_unit_tag\" value=\"wpcf7-f834-o1\" \/>\n<input type=\"hidden\" name=\"_wpcf7_container_post\" value=\"0\" \/>\n<input type=\"hidden\" name=\"_wpcf7_posted_data_hash\" value=\"\" \/>\n<input type=\"hidden\" name=\"_wpcf7_recaptcha_response\" value=\"\" \/>\n<\/div>\n<div class=\"alignfull contactForm__bg\">\n\t<article class=\"contactForm\">\n\t\t<div class=\"contactForm__title\">\n\t\t\t<h1>Kontaktieren Sie uns\n\t\t\t<\/h1>\n\t\t<\/div>\n\t\t<div class=\"contactForm__split\">\n\t\t\t<div class=\"contactForm__single\">\n\t\t\t\t<p><label for=\"form-name\">Name*<\/label><br \/>\n<span class=\"wpcf7-form-control-wrap\" data-name=\"form-name\"><input size=\"40\" class=\"wpcf7-form-control wpcf7-text wpcf7-validates-as-required contactForm__input\" id=\"form-name\" aria-required=\"true\" aria-invalid=\"false\" placeholder=\"Name*\" value=\"\" type=\"text\" name=\"form-name\" \/><\/span>\n\t\t\t\t<\/p>\n\t\t\t<\/div>\n\t\t\t<div class=\"contactForm__single\">\n\t\t\t\t<p><label for=\"form-email\">Email*<\/label><br \/>\n<span class=\"wpcf7-form-control-wrap\" data-name=\"form-email\"><input size=\"40\" class=\"wpcf7-form-control wpcf7-email wpcf7-validates-as-required wpcf7-text wpcf7-validates-as-email contactForm__input\" id=\"form-email\" aria-required=\"true\" aria-invalid=\"false\" placeholder=\"Email*\" value=\"\" type=\"email\" name=\"form-email\" \/><\/span>\n\t\t\t\t<\/p>\n\t\t\t<\/div>\n\t\t<\/div>\n\t\t<div class=\"contactForm__single\">\n\t\t\t<p><label for=\"form-company\">Firma<\/label><br \/>\n<span class=\"wpcf7-form-control-wrap\" data-name=\"form-company\"><input size=\"40\" class=\"wpcf7-form-control wpcf7-text contactForm__input\" id=\"form-company\" aria-invalid=\"false\" placeholder=\"Firma\" value=\"\" type=\"text\" name=\"form-company\" \/><\/span>\n\t\t\t<\/p>\n\t\t<\/div>\n\t\t<div class=\"contactForm__single\">\n\t\t\t<p><label for=\"form-message\">Ihre Nachricht*<\/label><br \/>\n<span class=\"wpcf7-form-control-wrap\" data-name=\"form-message\"><textarea cols=\"40\" rows=\"10\" class=\"wpcf7-form-control wpcf7-textarea wpcf7-validates-as-required contactForm__textArea\" id=\"form-message\" aria-required=\"true\" aria-invalid=\"false\" placeholder=\"Ihre Nachricht*\" name=\"form-message\"><\/textarea><\/span>\n\t\t\t<\/p>\n\t\t<\/div>\n\t\t<div class=\"contactForm__footer\">\n\t\t\t<p><input class=\"wpcf7-form-control wpcf7-submit has-spinner contactForm__submit\" type=\"submit\" value=\"Submit\" \/><br \/>\n\t\t\t<div class=\"wpcf7-response-output\" aria-hidden=\"true\"><\/div>\n\t\t\t<\/p>\n\t\t<\/div>\n\t<\/article>\n<\/div>\n<\/form>\n<\/div>\n<\/div>\n","protected":false},"featured_media":0,"parent":0,"menu_order":0,"template":"","meta":[],"categories":[],"class_list":["post-656","product","type-product","status-publish","hentry"],"acf":{"title":"SST 100","image":"https:\/\/enviroclean.se\/wp-content\/uploads\/2021\/09\/SST_100-1x1-2.png","tag":"Abgastr\u00fcbung"},"yoast_head":"<!-- This site is optimized with the Yoast SEO plugin v21.6 - https:\/\/yoast.com\/wordpress\/plugins\/seo\/ -->\n<title>SST 100 - EnviroClean<\/title>\n<meta name=\"robots\" content=\"index, follow, max-snippet:-1, max-image-preview:large, max-video-preview:-1\" \/>\n<link rel=\"canonical\" href=\"https:\/\/enviroclean.se\/de\/products\/sst-100\/\" \/>\n<meta property=\"og:locale\" content=\"de_DE\" \/>\n<meta property=\"og:type\" content=\"article\" \/>\n<meta property=\"og:title\" content=\"SST 100 - EnviroClean\" \/>\n<meta property=\"og:url\" content=\"https:\/\/enviroclean.se\/de\/products\/sst-100\/\" \/>\n<meta property=\"og:site_name\" content=\"EnviroClean\" \/>\n<meta property=\"article:modified_time\" content=\"2022-09-06T14:05:48+00:00\" \/>\n<meta property=\"og:image\" content=\"https:\/\/enviroclean.se\/wp-content\/uploads\/2021\/09\/Product-image-sst100.png\" \/>\n<meta name=\"twitter:card\" content=\"summary_large_image\" \/>\n<meta name=\"twitter:label1\" content=\"Gesch\u00e4tzte Lesezeit\" \/>\n\t<meta name=\"twitter:data1\" content=\"1\u00a0Minute\" \/>\n<script type=\"application\/ld+json\" class=\"yoast-schema-graph\">{\"@context\":\"https:\/\/schema.org\",\"@graph\":[{\"@type\":\"WebPage\",\"@id\":\"https:\/\/enviroclean.se\/de\/products\/sst-100\/\",\"url\":\"https:\/\/enviroclean.se\/de\/products\/sst-100\/\",\"name\":\"SST 100 - EnviroClean\",\"isPartOf\":{\"@id\":\"https:\/\/enviroclean.se\/#website\"},\"datePublished\":\"2021-09-04T13:08:47+00:00\",\"dateModified\":\"2022-09-06T14:05:48+00:00\",\"breadcrumb\":{\"@id\":\"https:\/\/enviroclean.se\/de\/products\/sst-100\/#breadcrumb\"},\"inLanguage\":\"de\",\"potentialAction\":[{\"@type\":\"ReadAction\",\"target\":[\"https:\/\/enviroclean.se\/de\/products\/sst-100\/\"]}]},{\"@type\":\"BreadcrumbList\",\"@id\":\"https:\/\/enviroclean.se\/de\/products\/sst-100\/#breadcrumb\",\"itemListElement\":[{\"@type\":\"ListItem\",\"position\":1,\"name\":\"Home\",\"item\":\"https:\/\/enviroclean.se\/de\/\"},{\"@type\":\"ListItem\",\"position\":2,\"name\":\"SST 100\"}]},{\"@type\":\"WebSite\",\"@id\":\"https:\/\/enviroclean.se\/#website\",\"url\":\"https:\/\/enviroclean.se\/\",\"name\":\"EnviroClean\",\"description\":\"Quality emission analyzers since 1994\",\"publisher\":{\"@id\":\"https:\/\/enviroclean.se\/#organization\"},\"potentialAction\":[{\"@type\":\"SearchAction\",\"target\":{\"@type\":\"EntryPoint\",\"urlTemplate\":\"https:\/\/enviroclean.se\/?s={search_term_string}\"},\"query-input\":\"required name=search_term_string\"}],\"inLanguage\":\"de\"},{\"@type\":\"Organization\",\"@id\":\"https:\/\/enviroclean.se\/#organization\",\"name\":\"EnviroClean\",\"url\":\"https:\/\/enviroclean.se\/\",\"logo\":{\"@type\":\"ImageObject\",\"inLanguage\":\"de\",\"@id\":\"https:\/\/enviroclean.se\/#\/schema\/logo\/image\/\",\"url\":\"https:\/\/enviroclean.se\/wp-content\/uploads\/2021\/09\/cropped-EnviroCleanExtremLowQuality-1.png\",\"contentUrl\":\"https:\/\/enviroclean.se\/wp-content\/uploads\/2021\/09\/cropped-EnviroCleanExtremLowQuality-1.png\",\"width\":326,\"height\":70,\"caption\":\"EnviroClean\"},\"image\":{\"@id\":\"https:\/\/enviroclean.se\/#\/schema\/logo\/image\/\"}}]}<\/script>\n<!-- \/ Yoast SEO plugin. -->","yoast_head_json":{"title":"SST 100 - EnviroClean","robots":{"index":"index","follow":"follow","max-snippet":"max-snippet:-1","max-image-preview":"max-image-preview:large","max-video-preview":"max-video-preview:-1"},"canonical":"https:\/\/enviroclean.se\/de\/products\/sst-100\/","og_locale":"de_DE","og_type":"article","og_title":"SST 100 - EnviroClean","og_url":"https:\/\/enviroclean.se\/de\/products\/sst-100\/","og_site_name":"EnviroClean","article_modified_time":"2022-09-06T14:05:48+00:00","og_image":[{"url":"https:\/\/enviroclean.se\/wp-content\/uploads\/2021\/09\/Product-image-sst100.png"}],"twitter_card":"summary_large_image","twitter_misc":{"Gesch\u00e4tzte Lesezeit":"1\u00a0Minute"},"schema":{"@context":"https:\/\/schema.org","@graph":[{"@type":"WebPage","@id":"https:\/\/enviroclean.se\/de\/products\/sst-100\/","url":"https:\/\/enviroclean.se\/de\/products\/sst-100\/","name":"SST 100 - EnviroClean","isPartOf":{"@id":"https:\/\/enviroclean.se\/#website"},"datePublished":"2021-09-04T13:08:47+00:00","dateModified":"2022-09-06T14:05:48+00:00","breadcrumb":{"@id":"https:\/\/enviroclean.se\/de\/products\/sst-100\/#breadcrumb"},"inLanguage":"de","potentialAction":[{"@type":"ReadAction","target":["https:\/\/enviroclean.se\/de\/products\/sst-100\/"]}]},{"@type":"BreadcrumbList","@id":"https:\/\/enviroclean.se\/de\/products\/sst-100\/#breadcrumb","itemListElement":[{"@type":"ListItem","position":1,"name":"Home","item":"https:\/\/enviroclean.se\/de\/"},{"@type":"ListItem","position":2,"name":"SST 100"}]},{"@type":"WebSite","@id":"https:\/\/enviroclean.se\/#website","url":"https:\/\/enviroclean.se\/","name":"EnviroClean","description":"Quality emission analyzers since 1994","publisher":{"@id":"https:\/\/enviroclean.se\/#organization"},"potentialAction":[{"@type":"SearchAction","target":{"@type":"EntryPoint","urlTemplate":"https:\/\/enviroclean.se\/?s={search_term_string}"},"query-input":"required name=search_term_string"}],"inLanguage":"de"},{"@type":"Organization","@id":"https:\/\/enviroclean.se\/#organization","name":"EnviroClean","url":"https:\/\/enviroclean.se\/","logo":{"@type":"ImageObject","inLanguage":"de","@id":"https:\/\/enviroclean.se\/#\/schema\/logo\/image\/","url":"https:\/\/enviroclean.se\/wp-content\/uploads\/2021\/09\/cropped-EnviroCleanExtremLowQuality-1.png","contentUrl":"https:\/\/enviroclean.se\/wp-content\/uploads\/2021\/09\/cropped-EnviroCleanExtremLowQuality-1.png","width":326,"height":70,"caption":"EnviroClean"},"image":{"@id":"https:\/\/enviroclean.se\/#\/schema\/logo\/image\/"}}]}},"_links":{"self":[{"href":"https:\/\/enviroclean.se\/de\/wp-json\/wp\/v2\/product\/656","targetHints":{"allow":["GET"]}}],"collection":[{"href":"https:\/\/enviroclean.se\/de\/wp-json\/wp\/v2\/product"}],"about":[{"href":"https:\/\/enviroclean.se\/de\/wp-json\/wp\/v2\/types\/product"}],"wp:attachment":[{"href":"https:\/\/enviroclean.se\/de\/wp-json\/wp\/v2\/media?parent=656"}],"wp:term":[{"taxonomy":"category","embeddable":true,"href":"https:\/\/enviroclean.se\/de\/wp-json\/wp\/v2\/categories?post=656"}],"curies":[{"name":"wp","href":"https:\/\/api.w.org\/{rel}","templated":true}]}}