{"id":636,"date":"2021-09-04T15:08:23","date_gmt":"2021-09-04T13:08:23","guid":{"rendered":"http:\/\/localhost:10118\/products\/sga-400\/"},"modified":"2022-09-06T16:05:24","modified_gmt":"2022-09-06T14:05:24","slug":"sga-400","status":"publish","type":"product","link":"https:\/\/enviroclean.se\/de\/products\/sga-400\/","title":{"rendered":"SGA 400"},"content":{"rendered":"\n<article class=\"wp-block-dws-hero-block alignfull dws_text__hero\"><div class=\"dws_text__hero__image\"><img decoding=\"async\" alt=\"cover image\" src=\"https:\/\/enviroclean.se\/wp-content\/uploads\/2021\/09\/Product-image-sga400.png\"><div><\/div><\/div><div class=\"dws_text__hero__info\"><div class=\"dws_text__hero__info__content\"><h1>SGA 400<\/h1><p>Das SGA 400 ist ein hochmodernes 4-Gas Gasmessger\u00e4t mit eingebautem Thermodrucker, mit dem sich eine Abgasuntersuchung an Benzinfahrzeugen \u00e4u\u00dferst komfortabel durchf\u00fchren l\u00e4sst. \nViele der bew\u00e4hrten Hauptmerkmale des SGA 40 wurden beibehalten. Weitere neue Funktionen k\u00f6nnen die Messungen und die Handhabung weiter verbessern.\nDas Messger\u00e4t SGA 400 erf\u00fcllt die neueste Genauigkeitsklasse und ist damit geeignet, die Emissionen von Benzinfahrzeugen aller Abgasnormen einschlie\u00dflich Euro 6 zu messen.<\/p><\/div><\/div><\/article>\n\n<article class=\"wp-block-dws-text-block\"><h1 class=\"dws_text__title\"><\/h1><p class=\"dws_text__content\">Die Messergebnisse sind dank der gro\u00dfen und sehr hellen LED-Anzeige auch aus gr\u00f6\u00dferer Entfernung sehr gut ablesbar. \nEs ist in einem robusten, langlebigen und hochwertigen Aluminiumgeh\u00e4use untergebracht. Ein gummierter Kantenschutz sowie Magnetf\u00fc\u00dfe f\u00fcr einen sicheren Stand auf metallischen Oberfl\u00e4chen sorgen f\u00fcr einen zuverl\u00e4ssigen Betrieb im rauen Werkstattalltag.\nDas neue Wasserschutzsystem AquaSense verhindert, dass das Ger\u00e4t durch Wasser im Abgas besch\u00e4digt wird. \n\nDie Kommunikation mit Bluetooth oder USB erm\u00f6glicht flexible L\u00f6sungen f\u00fcr die moderne Werkstatt und Pr\u00fcforganisation. Das SGA 400 besteht aus sehr hochwertigen Komponenten in Industriequalit\u00e4t f\u00fcr die Abgasuntersuchung an Fahrzeugen mit Benzinmotoren. Geeignet f\u00fcr die AU bei PKW, Nutzfahrzeug und Motorrad.<\/p><\/article>\n\n<div style=\"height:40px\" aria-hidden=\"true\" class=\"wp-block-spacer\"><\/div>\n\n<div class=\"wp-block-columns is-layout-flex wp-container-core-columns-is-layout-9d6595d7 wp-block-columns-is-layout-flex\">\n<div class=\"wp-block-column is-layout-flow wp-block-column-is-layout-flow\">\n<article class=\"wp-block-dws-image dws_image\"><img decoding=\"async\" alt=\"cover image\" src=\"https:\/\/enviroclean.se\/wp-content\/uploads\/2021\/09\/SGA_400.png\"><\/article>\n<\/div>\n\n\n\n<div class=\"wp-block-column is-layout-flow wp-block-column-is-layout-flow\"><\/div>\n<\/div>\n\n<div class=\"wp-block-columns is-layout-flex wp-container-core-columns-is-layout-9d6595d7 wp-block-columns-is-layout-flex\">\n<div class=\"wp-block-column is-layout-flow wp-block-column-is-layout-flow\">\n<article class=\"wp-block-dws-list dws_list\"><div><p class=\"dws_list__item\"><span class=\"dws_list__item-dot\"><\/span>Aqua Sense: sch\u00fctzt die Messzelle vor Besch\u00e4digungen durch Fl\u00fcssigkeiten im Abgas, die in das Ger\u00e4t eindringen k\u00f6nnten. <\/p><p class=\"dws_list__item\"><span class=\"dws_list__item-dot\"><\/span>Das SGA 400 ist sowohl mit USB als auch mit Bluetooth ausgestattet. <\/p><p class=\"dws_list__item\"><span class=\"dws_list__item-dot\"><\/span>Die Aufw\u00e4rmzeit der optischen Bank betr\u00e4gt weniger als 10 Sekunden, und die volle Genauigkeit wird innerhalb von 2 Minuten nach dem Start erreicht. <\/p><\/div><\/article>\n<\/div>\n\n\n\n<div class=\"wp-block-column is-layout-flow wp-block-column-is-layout-flow\">\n<article class=\"wp-block-dws-list dws_list\"><div><p class=\"dws_list__item\"><span class=\"dws_list__item-dot\"><\/span>Solid state detector, OIML-Klasse 00 mit modernster Technologie und h\u00f6chster Genauigkeit. <\/p><p class=\"dws_list__item\"><span class=\"dws_list__item-dot\"><\/span>Neue Firmware kann \u00fcber USB heruntergeladen werden. Viel schneller und zuverl\u00e4ssiger als fr\u00fchere Proms.<\/p><p class=\"dws_list__item\"><span class=\"dws_list__item-dot\"><\/span>Sowohl die Genauigkeit als auch die Aufl\u00f6sung sind im Vergleich zum Vorl\u00e4ufer verbessert.<\/p><\/div><\/article>\n<\/div>\n<\/div>\n\n<article class=\"wp-block-dws-table dws_table\"><h1 class=\"dws_table__title\">Technische details<\/h1><p class=\"dws_table__description\"><\/p><div class=\"dws_table__root\"><div class=\"dws_table__row\"><div class=\"dws_table__column\" style=\"width:calc((100% \/ 4) - 30px)\"><\/div><div class=\"dws_table__column\" style=\"width:calc((100% \/ 4) - 30px)\">Bereich<\/div><div class=\"dws_table__column\" style=\"width:calc((100% \/ 4) - 30px)\">Aufl\u00f6sung<\/div><div class=\"dws_table__column\" style=\"width:calc((100% \/ 4) - 30px)\">Genauigkeit<\/div><\/div><div class=\"dws_table__row\"><div class=\"dws_table__column\" style=\"width:calc((100% \/ 4) - 30px)\">CO<\/div><div class=\"dws_table__column\" style=\"width:calc((100% \/ 4) - 30px)\">0 &#8211; 10 vol. %<\/div><div class=\"dws_table__column\" style=\"width:calc((100% \/ 4) - 30px)\">0.01<\/div><div class=\"dws_table__column\" style=\"width:calc((100% \/ 4) - 30px)\">0.02 vol. %<\/div><\/div><div class=\"dws_table__row\"><div class=\"dws_table__column\" style=\"width:calc((100% \/ 4) - 30px)\">HC<\/div><div class=\"dws_table__column\" style=\"width:calc((100% \/ 4) - 30px)\">0 &#8211; 20 00 vol.<\/div><div class=\"dws_table__column\" style=\"width:calc((100% \/ 4) - 30px)\">1<\/div><div class=\"dws_table__column\" style=\"width:calc((100% \/ 4) - 30px)\">4 vol. ppm<\/div><\/div><div class=\"dws_table__row\"><div class=\"dws_table__column\" style=\"width:calc((100% \/ 4) - 30px)\">CO\u2082<\/div><div class=\"dws_table__column\" style=\"width:calc((100% \/ 4) - 30px)\">0 &#8211; 16 vol. %<\/div><div class=\"dws_table__column\" style=\"width:calc((100% \/ 4) - 30px)\">0.01<\/div><div class=\"dws_table__column\" style=\"width:calc((100% \/ 4) - 30px)\">0.3 vol. %<\/div><\/div><div class=\"dws_table__row\"><div class=\"dws_table__column\" style=\"width:calc((100% \/ 4) - 30px)\">O\u2082<\/div><div class=\"dws_table__column\" style=\"width:calc((100% \/ 4) - 30px)\">0 &#8211; 25 vol. %<\/div><div class=\"dws_table__column\" style=\"width:calc((100% \/ 4) - 30px)\">0.01<\/div><div class=\"dws_table__column\" style=\"width:calc((100% \/ 4) - 30px)\">0.02 vol. %<\/div><\/div><div class=\"dws_table__row\"><div class=\"dws_table__column\" style=\"width:calc((100% \/ 4) - 30px)\">Lambda<\/div><div class=\"dws_table__column\" style=\"width:calc((100% \/ 4) - 30px)\">0.6 &#8211; 1.7<\/div><div class=\"dws_table__column\" style=\"width:calc((100% \/ 4) - 30px)\">0.001<\/div><div class=\"dws_table__column\" style=\"width:calc((100% \/ 4) - 30px)\"><\/div><\/div><div class=\"dws_table__row\"><div class=\"dws_table__column\" style=\"width:calc((100% \/ 4) - 30px)\">AFR<\/div><div class=\"dws_table__column\" style=\"width:calc((100% \/ 4) - 30px)\">0 &#8211; 35<\/div><div class=\"dws_table__column\" style=\"width:calc((100% \/ 4) - 30px)\">0.01<\/div><div class=\"dws_table__column\" style=\"width:calc((100% \/ 4) - 30px)\"><\/div><\/div><div class=\"dws_table__row\"><div class=\"dws_table__column\" style=\"width:calc((100% \/ 4) - 30px)\">NOx<\/div><div class=\"dws_table__column\" style=\"width:calc((100% \/ 4) - 30px)\">0 &#8211; 5000 vol.<\/div><div class=\"dws_table__column\" style=\"width:calc((100% \/ 4) - 30px)\">1<\/div><div class=\"dws_table__column\" style=\"width:calc((100% \/ 4) - 30px)\"><\/div><\/div><div class=\"dws_table__row\"><div class=\"dws_table__column\" style=\"width:calc((100% \/ 4) - 30px)\">RPM<\/div><div class=\"dws_table__column\" style=\"width:calc((100% \/ 4) - 30px)\">0 &#8211; 9999 r\/m<\/div><div class=\"dws_table__column\" style=\"width:calc((100% \/ 4) - 30px)\"><\/div><div class=\"dws_table__column\" style=\"width:calc((100% \/ 4) - 30px)\"><\/div><\/div><\/div><\/article>\n\n<article class=\"wp-block-dws-text-block\"><h1 class=\"dws_text__title\">Download<\/h1><p class=\"dws_text__content\"><\/p><\/article>\n\n<article class=\"wp-block-dws-pdf-block\" style=\"padding-block:20px\"><div style=\"max-width:260px\"><a href=\"https:\/\/enviroclean.se\/wp-content\/uploads\/2021\/09\/SGA-400-ENG-V.06.pdf\" style=\"text-decoration:none\"><div role=\"button\" tabindex=\"0\" class=\"dws_component__button\"><div>Flyer SGA 400 english<\/div><div><img decoding=\"async\" alt=\"&lt;encoded_tag_closed \/&gt;\" src=\"data:image\/svg+xml;base64,PHN2ZyB3aWR0aD0iOCIgaGVpZ2h0PSIxMiIgdmlld0JveD0iMCAwIDggMTIiIGZpbGw9Im5vbmUiIHhtbG5zPSJodHRwOi8vd3d3LnczLm9yZy8yMDAwL3N2ZyI+DQogICAgPHBhdGggZD0iTTEuOTk5ODQgMEwwLjU4OTg0NCAxLjQxTDUuMTY5ODQgNkwwLjU4OTg0NCAxMC41OUwxLjk5OTg0IDEyTDcuOTk5ODQgNkwxLjk5OTg0IDBaIiBmaWxsPSJibGFjayIvPg0KPC9zdmc+\" class=\"dws_component__button__icon\"><\/div><\/div><\/a><\/div><\/article>\n\n<div style=\"height:80px\" aria-hidden=\"true\" class=\"wp-block-spacer\"><\/div>\n\n<div class=\"wp-block-contact-form-7-contact-form-selector alignfull\">\n<div class=\"wpcf7 no-js\" id=\"wpcf7-f834-o1\" lang=\"de-DE\" dir=\"ltr\">\n<div class=\"screen-reader-response\"><p role=\"status\" aria-live=\"polite\" aria-atomic=\"true\"><\/p> <ul><\/ul><\/div>\n<form action=\"\/de\/wp-json\/wp\/v2\/product\/636#wpcf7-f834-o1\" method=\"post\" class=\"wpcf7-form init\" aria-label=\"Kontaktformular\" novalidate=\"novalidate\" data-status=\"init\">\n<div style=\"display: none;\">\n<input type=\"hidden\" name=\"_wpcf7\" value=\"834\" \/>\n<input type=\"hidden\" name=\"_wpcf7_version\" value=\"5.8.4\" \/>\n<input type=\"hidden\" name=\"_wpcf7_locale\" value=\"de_DE\" \/>\n<input type=\"hidden\" name=\"_wpcf7_unit_tag\" value=\"wpcf7-f834-o1\" \/>\n<input type=\"hidden\" name=\"_wpcf7_container_post\" value=\"0\" \/>\n<input type=\"hidden\" name=\"_wpcf7_posted_data_hash\" value=\"\" \/>\n<input type=\"hidden\" name=\"_wpcf7_recaptcha_response\" value=\"\" \/>\n<\/div>\n<div class=\"alignfull contactForm__bg\">\n\t<article class=\"contactForm\">\n\t\t<div class=\"contactForm__title\">\n\t\t\t<h1>Kontaktieren Sie uns\n\t\t\t<\/h1>\n\t\t<\/div>\n\t\t<div class=\"contactForm__split\">\n\t\t\t<div class=\"contactForm__single\">\n\t\t\t\t<p><label for=\"form-name\">Name*<\/label><br \/>\n<span class=\"wpcf7-form-control-wrap\" data-name=\"form-name\"><input size=\"40\" class=\"wpcf7-form-control wpcf7-text wpcf7-validates-as-required contactForm__input\" id=\"form-name\" aria-required=\"true\" aria-invalid=\"false\" placeholder=\"Name*\" value=\"\" type=\"text\" name=\"form-name\" \/><\/span>\n\t\t\t\t<\/p>\n\t\t\t<\/div>\n\t\t\t<div class=\"contactForm__single\">\n\t\t\t\t<p><label for=\"form-email\">Email*<\/label><br \/>\n<span class=\"wpcf7-form-control-wrap\" data-name=\"form-email\"><input size=\"40\" class=\"wpcf7-form-control wpcf7-email wpcf7-validates-as-required wpcf7-text wpcf7-validates-as-email contactForm__input\" id=\"form-email\" aria-required=\"true\" aria-invalid=\"false\" placeholder=\"Email*\" value=\"\" type=\"email\" name=\"form-email\" \/><\/span>\n\t\t\t\t<\/p>\n\t\t\t<\/div>\n\t\t<\/div>\n\t\t<div class=\"contactForm__single\">\n\t\t\t<p><label for=\"form-company\">Firma<\/label><br \/>\n<span class=\"wpcf7-form-control-wrap\" data-name=\"form-company\"><input size=\"40\" class=\"wpcf7-form-control wpcf7-text contactForm__input\" id=\"form-company\" aria-invalid=\"false\" placeholder=\"Firma\" value=\"\" type=\"text\" name=\"form-company\" \/><\/span>\n\t\t\t<\/p>\n\t\t<\/div>\n\t\t<div class=\"contactForm__single\">\n\t\t\t<p><label for=\"form-message\">Ihre Nachricht*<\/label><br \/>\n<span class=\"wpcf7-form-control-wrap\" data-name=\"form-message\"><textarea cols=\"40\" rows=\"10\" class=\"wpcf7-form-control wpcf7-textarea wpcf7-validates-as-required contactForm__textArea\" id=\"form-message\" aria-required=\"true\" aria-invalid=\"false\" placeholder=\"Ihre Nachricht*\" name=\"form-message\"><\/textarea><\/span>\n\t\t\t<\/p>\n\t\t<\/div>\n\t\t<div class=\"contactForm__footer\">\n\t\t\t<p><input class=\"wpcf7-form-control wpcf7-submit has-spinner contactForm__submit\" type=\"submit\" value=\"Submit\" \/><br \/>\n\t\t\t<div class=\"wpcf7-response-output\" aria-hidden=\"true\"><\/div>\n\t\t\t<\/p>\n\t\t<\/div>\n\t<\/article>\n<\/div>\n<\/form>\n<\/div>\n<\/div>\n","protected":false},"featured_media":0,"parent":0,"menu_order":0,"template":"","meta":[],"categories":[],"class_list":["post-636","product","type-product","status-publish","hentry"],"acf":{"title":"SGA 400","image":"https:\/\/enviroclean.se\/wp-content\/uploads\/2021\/09\/SGA_400-1x1-1.png","tag":"Stand-alone Abgasmessger\u00e4t zur Emissionsmessung Benziner"},"yoast_head":"<!-- This site is optimized with the Yoast SEO plugin v21.6 - https:\/\/yoast.com\/wordpress\/plugins\/seo\/ -->\n<title>SGA 400 -<\/title>\n<meta name=\"description\" content=\"Das SGA 400 ist ein hochmodernes 4-Gas Gasmessger\u00e4t , mit dem sich eine Abgasuntersuchung an Benzinfahrzeugen \u00e4u\u00dferst komfortabel durchf\u00fchren l\u00e4sst.\" \/>\n<meta name=\"robots\" content=\"index, follow, max-snippet:-1, max-image-preview:large, max-video-preview:-1\" \/>\n<link rel=\"canonical\" href=\"https:\/\/enviroclean.se\/de\/products\/sga-400\/\" \/>\n<meta property=\"og:locale\" content=\"de_DE\" \/>\n<meta property=\"og:type\" content=\"article\" \/>\n<meta property=\"og:title\" content=\"SGA 400 -\" \/>\n<meta property=\"og:description\" content=\"Das SGA 400 ist ein hochmodernes 4-Gas Gasmessger\u00e4t , mit dem sich eine Abgasuntersuchung an Benzinfahrzeugen \u00e4u\u00dferst komfortabel durchf\u00fchren l\u00e4sst.\" \/>\n<meta property=\"og:url\" content=\"https:\/\/enviroclean.se\/de\/products\/sga-400\/\" \/>\n<meta property=\"og:site_name\" content=\"EnviroClean\" \/>\n<meta property=\"article:modified_time\" content=\"2022-09-06T14:05:24+00:00\" \/>\n<meta property=\"og:image\" content=\"https:\/\/enviroclean.se\/wp-content\/uploads\/2021\/09\/Product-image-sga400.png\" \/>\n<meta name=\"twitter:card\" content=\"summary_large_image\" \/>\n<meta name=\"twitter:label1\" content=\"Gesch\u00e4tzte Lesezeit\" \/>\n\t<meta name=\"twitter:data1\" content=\"2\u00a0Minuten\" \/>\n<script type=\"application\/ld+json\" class=\"yoast-schema-graph\">{\"@context\":\"https:\/\/schema.org\",\"@graph\":[{\"@type\":\"WebPage\",\"@id\":\"https:\/\/enviroclean.se\/de\/products\/sga-400\/\",\"url\":\"https:\/\/enviroclean.se\/de\/products\/sga-400\/\",\"name\":\"SGA 400 -\",\"isPartOf\":{\"@id\":\"https:\/\/enviroclean.se\/#website\"},\"datePublished\":\"2021-09-04T13:08:23+00:00\",\"dateModified\":\"2022-09-06T14:05:24+00:00\",\"description\":\"Das SGA 400 ist ein hochmodernes 4-Gas Gasmessger\u00e4t , mit dem sich eine Abgasuntersuchung an Benzinfahrzeugen \u00e4u\u00dferst komfortabel durchf\u00fchren l\u00e4sst.\",\"breadcrumb\":{\"@id\":\"https:\/\/enviroclean.se\/de\/products\/sga-400\/#breadcrumb\"},\"inLanguage\":\"de\",\"potentialAction\":[{\"@type\":\"ReadAction\",\"target\":[\"https:\/\/enviroclean.se\/de\/products\/sga-400\/\"]}]},{\"@type\":\"BreadcrumbList\",\"@id\":\"https:\/\/enviroclean.se\/de\/products\/sga-400\/#breadcrumb\",\"itemListElement\":[{\"@type\":\"ListItem\",\"position\":1,\"name\":\"Home\",\"item\":\"https:\/\/enviroclean.se\/de\/\"},{\"@type\":\"ListItem\",\"position\":2,\"name\":\"SGA 400\"}]},{\"@type\":\"WebSite\",\"@id\":\"https:\/\/enviroclean.se\/#website\",\"url\":\"https:\/\/enviroclean.se\/\",\"name\":\"EnviroClean\",\"description\":\"Quality emission analyzers since 1994\",\"publisher\":{\"@id\":\"https:\/\/enviroclean.se\/#organization\"},\"potentialAction\":[{\"@type\":\"SearchAction\",\"target\":{\"@type\":\"EntryPoint\",\"urlTemplate\":\"https:\/\/enviroclean.se\/?s={search_term_string}\"},\"query-input\":\"required name=search_term_string\"}],\"inLanguage\":\"de\"},{\"@type\":\"Organization\",\"@id\":\"https:\/\/enviroclean.se\/#organization\",\"name\":\"EnviroClean\",\"url\":\"https:\/\/enviroclean.se\/\",\"logo\":{\"@type\":\"ImageObject\",\"inLanguage\":\"de\",\"@id\":\"https:\/\/enviroclean.se\/#\/schema\/logo\/image\/\",\"url\":\"https:\/\/enviroclean.se\/wp-content\/uploads\/2021\/09\/cropped-EnviroCleanExtremLowQuality-1.png\",\"contentUrl\":\"https:\/\/enviroclean.se\/wp-content\/uploads\/2021\/09\/cropped-EnviroCleanExtremLowQuality-1.png\",\"width\":326,\"height\":70,\"caption\":\"EnviroClean\"},\"image\":{\"@id\":\"https:\/\/enviroclean.se\/#\/schema\/logo\/image\/\"}}]}<\/script>\n<!-- \/ Yoast SEO plugin. -->","yoast_head_json":{"title":"SGA 400 -","description":"Das SGA 400 ist ein hochmodernes 4-Gas Gasmessger\u00e4t , mit dem sich eine Abgasuntersuchung an Benzinfahrzeugen \u00e4u\u00dferst komfortabel durchf\u00fchren l\u00e4sst.","robots":{"index":"index","follow":"follow","max-snippet":"max-snippet:-1","max-image-preview":"max-image-preview:large","max-video-preview":"max-video-preview:-1"},"canonical":"https:\/\/enviroclean.se\/de\/products\/sga-400\/","og_locale":"de_DE","og_type":"article","og_title":"SGA 400 -","og_description":"Das SGA 400 ist ein hochmodernes 4-Gas Gasmessger\u00e4t , mit dem sich eine Abgasuntersuchung an Benzinfahrzeugen \u00e4u\u00dferst komfortabel durchf\u00fchren l\u00e4sst.","og_url":"https:\/\/enviroclean.se\/de\/products\/sga-400\/","og_site_name":"EnviroClean","article_modified_time":"2022-09-06T14:05:24+00:00","og_image":[{"url":"https:\/\/enviroclean.se\/wp-content\/uploads\/2021\/09\/Product-image-sga400.png"}],"twitter_card":"summary_large_image","twitter_misc":{"Gesch\u00e4tzte Lesezeit":"2\u00a0Minuten"},"schema":{"@context":"https:\/\/schema.org","@graph":[{"@type":"WebPage","@id":"https:\/\/enviroclean.se\/de\/products\/sga-400\/","url":"https:\/\/enviroclean.se\/de\/products\/sga-400\/","name":"SGA 400 -","isPartOf":{"@id":"https:\/\/enviroclean.se\/#website"},"datePublished":"2021-09-04T13:08:23+00:00","dateModified":"2022-09-06T14:05:24+00:00","description":"Das SGA 400 ist ein hochmodernes 4-Gas Gasmessger\u00e4t , mit dem sich eine Abgasuntersuchung an Benzinfahrzeugen \u00e4u\u00dferst komfortabel durchf\u00fchren l\u00e4sst.","breadcrumb":{"@id":"https:\/\/enviroclean.se\/de\/products\/sga-400\/#breadcrumb"},"inLanguage":"de","potentialAction":[{"@type":"ReadAction","target":["https:\/\/enviroclean.se\/de\/products\/sga-400\/"]}]},{"@type":"BreadcrumbList","@id":"https:\/\/enviroclean.se\/de\/products\/sga-400\/#breadcrumb","itemListElement":[{"@type":"ListItem","position":1,"name":"Home","item":"https:\/\/enviroclean.se\/de\/"},{"@type":"ListItem","position":2,"name":"SGA 400"}]},{"@type":"WebSite","@id":"https:\/\/enviroclean.se\/#website","url":"https:\/\/enviroclean.se\/","name":"EnviroClean","description":"Quality emission analyzers since 1994","publisher":{"@id":"https:\/\/enviroclean.se\/#organization"},"potentialAction":[{"@type":"SearchAction","target":{"@type":"EntryPoint","urlTemplate":"https:\/\/enviroclean.se\/?s={search_term_string}"},"query-input":"required name=search_term_string"}],"inLanguage":"de"},{"@type":"Organization","@id":"https:\/\/enviroclean.se\/#organization","name":"EnviroClean","url":"https:\/\/enviroclean.se\/","logo":{"@type":"ImageObject","inLanguage":"de","@id":"https:\/\/enviroclean.se\/#\/schema\/logo\/image\/","url":"https:\/\/enviroclean.se\/wp-content\/uploads\/2021\/09\/cropped-EnviroCleanExtremLowQuality-1.png","contentUrl":"https:\/\/enviroclean.se\/wp-content\/uploads\/2021\/09\/cropped-EnviroCleanExtremLowQuality-1.png","width":326,"height":70,"caption":"EnviroClean"},"image":{"@id":"https:\/\/enviroclean.se\/#\/schema\/logo\/image\/"}}]}},"_links":{"self":[{"href":"https:\/\/enviroclean.se\/de\/wp-json\/wp\/v2\/product\/636","targetHints":{"allow":["GET"]}}],"collection":[{"href":"https:\/\/enviroclean.se\/de\/wp-json\/wp\/v2\/product"}],"about":[{"href":"https:\/\/enviroclean.se\/de\/wp-json\/wp\/v2\/types\/product"}],"wp:attachment":[{"href":"https:\/\/enviroclean.se\/de\/wp-json\/wp\/v2\/media?parent=636"}],"wp:term":[{"taxonomy":"category","embeddable":true,"href":"https:\/\/enviroclean.se\/de\/wp-json\/wp\/v2\/categories?post=636"}],"curies":[{"name":"wp","href":"https:\/\/api.w.org\/{rel}","templated":true}]}}