{"id":635,"date":"2021-10-22T15:36:52","date_gmt":"2021-10-22T13:36:52","guid":{"rendered":"http:\/\/localhost:10118\/products\/obd\/"},"modified":"2024-02-13T10:24:12","modified_gmt":"2024-02-13T09:24:12","slug":"obd","status":"publish","type":"product","link":"https:\/\/enviroclean.se\/de\/products\/obd\/","title":{"rendered":"OBD+"},"content":{"rendered":"\n<article class=\"wp-block-dws-hero-block alignfull dws_text__hero\"><div class=\"dws_text__hero__image\"><img decoding=\"async\" alt=\"cover image\" src=\"https:\/\/enviroclean.se\/wp-content\/uploads\/2021\/10\/OBD-Hero.png\"><div><\/div><\/div><div class=\"dws_text__hero__info\"><div class=\"dws_text__hero__info__content\"><h1>OBD+ Diagnoseger\u00e4t<\/h1><p>Das EnviroClean OBD+ ist ein kompaktes OBD II \/ EOBD Diagnoseger\u00e4t, welches mit 4 Tasten sehr einfach zu bedienen ist.\n <\/p><\/div><\/div><\/article>\n\n<article class=\"wp-block-dws-text-block\"><h1 class=\"dws_text__title\"><\/h1><p class=\"dws_text__content\">Das Instrument hat einen gummierten Kantenschutz und ist dadurch sehr handlich und ideal f\u00fcr den t\u00e4glichen Einsatz in der Werkstatt geeignet. Es besitzt ein kontrastreiches und helles LCD-Display. \nDas Ger\u00e4t wird in einem Koffer mit Netzteil, USB-Kabel, OBDII\/ EOBD-Kabel und OBDII\/EOBD-kompatibler Software geliefert.\n\nEs kann \u00fcber Bluetooth oder USB mit einer PC-Software kommunizieren und eignet sich dadurch sehr gut als OBD-Tool f\u00fcr Abgasuntersuchungen, die PC-gef\u00fchrt sind, wie z.B. die periodische \u00dcberwachung in Gro\u00dfbritannien oder Deutschland. \nIn diesem Fall kann das Ger\u00e4t auch perfekt verwendet werden, um die Motordrehzahl bequem \u00fcber OBD auszulesen, so dass keine weitere zus\u00e4tzliche Drehzahlmessung (\u00fcber Sensoren) erforderlich ist.<\/p><\/article>\n\n<article class=\"wp-block-dws-image dws_image\"><img decoding=\"async\" alt=\"cover image\" src=\"https:\/\/enviroclean.se\/wp-content\/uploads\/2021\/10\/OBDblank-1.jpg\"><\/article>\n\n<article class=\"wp-block-dws-text-block\"><h1 class=\"dws_text__title\">OBD-Standards, die von OBD+ unterst\u00fctzt werden<\/h1><p class=\"dws_text__content\"><\/p><\/article>\n\n<article class=\"wp-block-dws-list dws_list\"><div><p class=\"dws_list__item\"><span class=\"dws_list__item-dot\"><\/span>ISO 15765-4 CAN bus<\/p><p class=\"dws_list__item\"><span class=\"dws_list__item-dot\"><\/span>ISO 9141, K und L-line<\/p><p class=\"dws_list__item\"><span class=\"dws_list__item-dot\"><\/span>ISO 14230-4Keyword 2000<\/p><p class=\"dws_list__item\"><span class=\"dws_list__item-dot\"><\/span>SAE J1850 41,6 kbps PWM<\/p><p class=\"dws_list__item\"><span class=\"dws_list__item-dot\"><\/span>SAE J1850 10,4 kbps VPW<\/p><p class=\"dws_list__item\"><span class=\"dws_list__item-dot\"><\/span>J1939<\/p><p class=\"dws_list__item\"><span class=\"dws_list__item-dot\"><\/span>WWH-OBD<\/p><\/div><\/article>\n\n<article class=\"wp-block-dws-text-block\"><h1 class=\"dws_text__title\">Technische Daten OBD+<\/h1><p class=\"dws_text__content\"><\/p><\/article>\n\n<article class=\"wp-block-dws-list dws_list\"><div><p class=\"dws_list__item\"><span class=\"dws_list__item-dot\"><\/span>Betriebstemperatur 0 bis 50\u00baC<\/p><p class=\"dws_list__item\"><span class=\"dws_list__item-dot\"><\/span>Lagertemperatur -20\u00b0C to 50\u00b0C<\/p><p class=\"dws_list__item\"><span class=\"dws_list__item-dot\"><\/span>Gr\u00f6\u00dfe 100x60x32mm<\/p><p class=\"dws_list__item\"><span class=\"dws_list__item-dot\"><\/span>OBD II Kabel 2,5 Meter<\/p><p class=\"dws_list__item\"><span class=\"dws_list__item-dot\"><\/span>Gewicht 300g<\/p><p class=\"dws_list__item\"><span class=\"dws_list__item-dot\"><\/span>Stromversorgung 12\/24 VDC (Fahrzeug) oder 230VAC Netzadapter (im Lieferumfang)<\/p><\/div><\/article>\n","protected":false},"featured_media":0,"parent":0,"menu_order":0,"template":"","meta":[],"categories":[],"class_list":["post-635","product","type-product","status-publish","hentry"],"acf":{"title":"OBD+ Diagnoseger\u00e4t","image":"https:\/\/enviroclean.se\/wp-content\/uploads\/2021\/10\/OBD-blank-smaller.png","tag":"OBD Scanner"},"yoast_head":"<!-- This site is optimized with the Yoast SEO plugin v21.6 - https:\/\/yoast.com\/wordpress\/plugins\/seo\/ -->\n<title>OBD+ - EnviroClean<\/title>\n<meta name=\"robots\" content=\"index, follow, max-snippet:-1, max-image-preview:large, max-video-preview:-1\" \/>\n<link rel=\"canonical\" href=\"https:\/\/enviroclean.se\/de\/products\/obd\/\" \/>\n<meta property=\"og:locale\" content=\"de_DE\" \/>\n<meta property=\"og:type\" content=\"article\" \/>\n<meta property=\"og:title\" content=\"OBD+ - EnviroClean\" \/>\n<meta property=\"og:url\" content=\"https:\/\/enviroclean.se\/de\/products\/obd\/\" \/>\n<meta property=\"og:site_name\" content=\"EnviroClean\" \/>\n<meta property=\"article:modified_time\" content=\"2024-02-13T09:24:12+00:00\" \/>\n<meta property=\"og:image\" content=\"https:\/\/enviroclean.se\/wp-content\/uploads\/2021\/10\/OBD-Hero.png\" \/>\n<meta name=\"twitter:card\" content=\"summary_large_image\" \/>\n<meta name=\"twitter:label1\" content=\"Gesch\u00e4tzte Lesezeit\" \/>\n\t<meta name=\"twitter:data1\" content=\"1\u00a0Minute\" \/>\n<script type=\"application\/ld+json\" class=\"yoast-schema-graph\">{\"@context\":\"https:\/\/schema.org\",\"@graph\":[{\"@type\":\"WebPage\",\"@id\":\"https:\/\/enviroclean.se\/de\/products\/obd\/\",\"url\":\"https:\/\/enviroclean.se\/de\/products\/obd\/\",\"name\":\"OBD+ - EnviroClean\",\"isPartOf\":{\"@id\":\"https:\/\/enviroclean.se\/#website\"},\"datePublished\":\"2021-10-22T13:36:52+00:00\",\"dateModified\":\"2024-02-13T09:24:12+00:00\",\"breadcrumb\":{\"@id\":\"https:\/\/enviroclean.se\/de\/products\/obd\/#breadcrumb\"},\"inLanguage\":\"de\",\"potentialAction\":[{\"@type\":\"ReadAction\",\"target\":[\"https:\/\/enviroclean.se\/de\/products\/obd\/\"]}]},{\"@type\":\"BreadcrumbList\",\"@id\":\"https:\/\/enviroclean.se\/de\/products\/obd\/#breadcrumb\",\"itemListElement\":[{\"@type\":\"ListItem\",\"position\":1,\"name\":\"Home\",\"item\":\"https:\/\/enviroclean.se\/de\/\"},{\"@type\":\"ListItem\",\"position\":2,\"name\":\"OBD+\"}]},{\"@type\":\"WebSite\",\"@id\":\"https:\/\/enviroclean.se\/#website\",\"url\":\"https:\/\/enviroclean.se\/\",\"name\":\"EnviroClean\",\"description\":\"Quality emission analyzers since 1994\",\"publisher\":{\"@id\":\"https:\/\/enviroclean.se\/#organization\"},\"potentialAction\":[{\"@type\":\"SearchAction\",\"target\":{\"@type\":\"EntryPoint\",\"urlTemplate\":\"https:\/\/enviroclean.se\/?s={search_term_string}\"},\"query-input\":\"required name=search_term_string\"}],\"inLanguage\":\"de\"},{\"@type\":\"Organization\",\"@id\":\"https:\/\/enviroclean.se\/#organization\",\"name\":\"EnviroClean\",\"url\":\"https:\/\/enviroclean.se\/\",\"logo\":{\"@type\":\"ImageObject\",\"inLanguage\":\"de\",\"@id\":\"https:\/\/enviroclean.se\/#\/schema\/logo\/image\/\",\"url\":\"https:\/\/enviroclean.se\/wp-content\/uploads\/2021\/09\/cropped-EnviroCleanExtremLowQuality-1.png\",\"contentUrl\":\"https:\/\/enviroclean.se\/wp-content\/uploads\/2021\/09\/cropped-EnviroCleanExtremLowQuality-1.png\",\"width\":326,\"height\":70,\"caption\":\"EnviroClean\"},\"image\":{\"@id\":\"https:\/\/enviroclean.se\/#\/schema\/logo\/image\/\"}}]}<\/script>\n<!-- \/ Yoast SEO plugin. -->","yoast_head_json":{"title":"OBD+ - EnviroClean","robots":{"index":"index","follow":"follow","max-snippet":"max-snippet:-1","max-image-preview":"max-image-preview:large","max-video-preview":"max-video-preview:-1"},"canonical":"https:\/\/enviroclean.se\/de\/products\/obd\/","og_locale":"de_DE","og_type":"article","og_title":"OBD+ - EnviroClean","og_url":"https:\/\/enviroclean.se\/de\/products\/obd\/","og_site_name":"EnviroClean","article_modified_time":"2024-02-13T09:24:12+00:00","og_image":[{"url":"https:\/\/enviroclean.se\/wp-content\/uploads\/2021\/10\/OBD-Hero.png"}],"twitter_card":"summary_large_image","twitter_misc":{"Gesch\u00e4tzte Lesezeit":"1\u00a0Minute"},"schema":{"@context":"https:\/\/schema.org","@graph":[{"@type":"WebPage","@id":"https:\/\/enviroclean.se\/de\/products\/obd\/","url":"https:\/\/enviroclean.se\/de\/products\/obd\/","name":"OBD+ - EnviroClean","isPartOf":{"@id":"https:\/\/enviroclean.se\/#website"},"datePublished":"2021-10-22T13:36:52+00:00","dateModified":"2024-02-13T09:24:12+00:00","breadcrumb":{"@id":"https:\/\/enviroclean.se\/de\/products\/obd\/#breadcrumb"},"inLanguage":"de","potentialAction":[{"@type":"ReadAction","target":["https:\/\/enviroclean.se\/de\/products\/obd\/"]}]},{"@type":"BreadcrumbList","@id":"https:\/\/enviroclean.se\/de\/products\/obd\/#breadcrumb","itemListElement":[{"@type":"ListItem","position":1,"name":"Home","item":"https:\/\/enviroclean.se\/de\/"},{"@type":"ListItem","position":2,"name":"OBD+"}]},{"@type":"WebSite","@id":"https:\/\/enviroclean.se\/#website","url":"https:\/\/enviroclean.se\/","name":"EnviroClean","description":"Quality emission analyzers since 1994","publisher":{"@id":"https:\/\/enviroclean.se\/#organization"},"potentialAction":[{"@type":"SearchAction","target":{"@type":"EntryPoint","urlTemplate":"https:\/\/enviroclean.se\/?s={search_term_string}"},"query-input":"required name=search_term_string"}],"inLanguage":"de"},{"@type":"Organization","@id":"https:\/\/enviroclean.se\/#organization","name":"EnviroClean","url":"https:\/\/enviroclean.se\/","logo":{"@type":"ImageObject","inLanguage":"de","@id":"https:\/\/enviroclean.se\/#\/schema\/logo\/image\/","url":"https:\/\/enviroclean.se\/wp-content\/uploads\/2021\/09\/cropped-EnviroCleanExtremLowQuality-1.png","contentUrl":"https:\/\/enviroclean.se\/wp-content\/uploads\/2021\/09\/cropped-EnviroCleanExtremLowQuality-1.png","width":326,"height":70,"caption":"EnviroClean"},"image":{"@id":"https:\/\/enviroclean.se\/#\/schema\/logo\/image\/"}}]}},"_links":{"self":[{"href":"https:\/\/enviroclean.se\/de\/wp-json\/wp\/v2\/product\/635","targetHints":{"allow":["GET"]}}],"collection":[{"href":"https:\/\/enviroclean.se\/de\/wp-json\/wp\/v2\/product"}],"about":[{"href":"https:\/\/enviroclean.se\/de\/wp-json\/wp\/v2\/types\/product"}],"wp:attachment":[{"href":"https:\/\/enviroclean.se\/de\/wp-json\/wp\/v2\/media?parent=635"}],"wp:term":[{"taxonomy":"category","embeddable":true,"href":"https:\/\/enviroclean.se\/de\/wp-json\/wp\/v2\/categories?post=635"}],"curies":[{"name":"wp","href":"https:\/\/api.w.org\/{rel}","templated":true}]}}