{"id":721,"date":"2021-09-04T15:03:11","date_gmt":"2021-09-04T13:03:11","guid":{"rendered":"http:\/\/localhost:10118\/neuigkeiten\/"},"modified":"2021-11-23T14:53:17","modified_gmt":"2021-11-23T13:53:17","slug":"neuigkeiten","status":"publish","type":"page","link":"https:\/\/enviroclean.se\/de\/neuigkeiten\/","title":{"rendered":"Neuigkeiten"},"content":{"rendered":"\n<article class=\"wp-block-dws-hero-block alignfull dws_text__hero\"><div class=\"dws_text__hero__image\"><img decoding=\"async\" alt=\"cover image\" src=\"https:\/\/enviroclean.se\/wp-content\/uploads\/2021\/09\/CloseUp_MG_3614.jpg\"><div><\/div><\/div><div class=\"dws_text__hero__info\"><div class=\"dws_text__hero__info__content\"><h1>Neuigkeiten<\/h1><p><\/p><\/div><\/div><\/article>\n<section class='dws_news alignfull'><div class='dws_news__content'><article class='dws_news__article'><div class='news-title'><h6 class='dws_news__date'>22-08-2025<\/h6><h3 class='dws_news__title'>Automechanika 2026 Frankfurt Partikelz\u00e4hler Abgastest Diagnose<\/h3><\/div><div style='max-width: 260px'><a href='https:\/\/enviroclean.se\/de\/news\/automechanika-2026-enviroclean\/'  style='text-decoration: none;'>\r\n\t\t    <div class='dws_component__button'>\r\n                <div>Read more<\/div>\r\n                <div>\r\n                    <img alt='arrow' src=https:\/\/enviroclean.se\/wp-content\/plugins\/dws-blocks\/src\/assets\/icons\/chevron_right.svg class='dws_component__button__icon'>\r\n                <\/div>\r\n            <\/div>\r\n\t\t<\/a><\/div><\/article><article class='dws_news__article'><div class='news-title'><h6 class='dws_news__date'>21-05-2025<\/h6><h3 class='dws_news__title'>Enviroclean wird Vertriebspartner von Autocom \u2013 Diagnosel\u00f6sungen f\u00fcr Werkst\u00e4tten, Busbetriebe und Flotten<\/h3><\/div><div style='max-width: 260px'><a href='https:\/\/enviroclean.se\/de\/news\/enviroclean-wird-vertriebspartner-von-autocom-diagnoselosungen-fur-werkstatten-busbetriebe-und-flotten\/'  style='text-decoration: none;'>\r\n\t\t    <div class='dws_component__button'>\r\n                <div>Read more<\/div>\r\n                <div>\r\n                    <img alt='arrow' src=https:\/\/enviroclean.se\/wp-content\/plugins\/dws-blocks\/src\/assets\/icons\/chevron_right.svg class='dws_component__button__icon'>\r\n                <\/div>\r\n            <\/div>\r\n\t\t<\/a><\/div><\/article><article class='dws_news__article'><div class='news-title'><h6 class='dws_news__date'>30-09-2024<\/h6><h3 class='dws_news__title'>EPC200 Startklar f\u00fcr die deutsche Abgasuntersuchung<\/h3><\/div><div style='max-width: 260px'><a href='https:\/\/enviroclean.se\/de\/news\/epc200-startklar-fuer-die-deutsche-abgasuntersuchung\/'  style='text-decoration: none;'>\r\n\t\t    <div class='dws_component__button'>\r\n                <div>Read more<\/div>\r\n                <div>\r\n                    <img alt='arrow' src=https:\/\/enviroclean.se\/wp-content\/plugins\/dws-blocks\/src\/assets\/icons\/chevron_right.svg class='dws_component__button__icon'>\r\n                <\/div>\r\n            <\/div>\r\n\t\t<\/a><\/div><\/article><article class='dws_news__article'><div class='news-title'><h6 class='dws_news__date'>19-01-2024<\/h6><h3 class='dws_news__title'>Enviroclean auf der Automechanika 2024<\/h3><\/div><div style='max-width: 260px'><a href='https:\/\/enviroclean.se\/de\/news\/automechanika-2024-enviroclean\/'  style='text-decoration: none;'>\r\n\t\t    <div class='dws_component__button'>\r\n                <div>Read more<\/div>\r\n                <div>\r\n                    <img alt='arrow' src=https:\/\/enviroclean.se\/wp-content\/plugins\/dws-blocks\/src\/assets\/icons\/chevron_right.svg class='dws_component__button__icon'>\r\n                <\/div>\r\n            <\/div>\r\n\t\t<\/a><\/div><\/article><article class='dws_news__article'><div class='news-title'><h6 class='dws_news__date'>25-10-2023<\/h6><h3 class='dws_news__title'>Diesel-Ru\u00dfpartikel: Verst\u00e4ndnis, Auswirkungen und L\u00f6sungen<\/h3><\/div><div style='max-width: 260px'><a href='https:\/\/enviroclean.se\/de\/news\/diesel-russpartikel-verstaendnis\/'  style='text-decoration: none;'>\r\n\t\t    <div class='dws_component__button'>\r\n                <div>Read more<\/div>\r\n                <div>\r\n                    <img alt='arrow' src=https:\/\/enviroclean.se\/wp-content\/plugins\/dws-blocks\/src\/assets\/icons\/chevron_right.svg class='dws_component__button__icon'>\r\n                <\/div>\r\n            <\/div>\r\n\t\t<\/a><\/div><\/article><article class='dws_news__article'><div class='news-title'><h6 class='dws_news__date'>12-10-2023<\/h6><h3 class='dws_news__title'>Enviroclean: Beitrag zur Umwelt durch Partikelz\u00e4hler im Einklang mit EU-Richtlinien<\/h3><\/div><div style='max-width: 260px'><a href='https:\/\/enviroclean.se\/de\/news\/enviroclean-beitrag-zur-umwelt-durch-partikelzaehler-im-einklang-mit-eu-richtlinien\/'  style='text-decoration: none;'>\r\n\t\t    <div class='dws_component__button'>\r\n                <div>Read more<\/div>\r\n                <div>\r\n                    <img alt='arrow' src=https:\/\/enviroclean.se\/wp-content\/plugins\/dws-blocks\/src\/assets\/icons\/chevron_right.svg class='dws_component__button__icon'>\r\n                <\/div>\r\n            <\/div>\r\n\t\t<\/a><\/div><\/article><article class='dws_news__article'><div class='news-title'><h6 class='dws_news__date'>5-05-2022<\/h6><h3 class='dws_news__title'>EnviroClean auf der Automechanika 2022<\/h3><\/div><div style='max-width: 260px'><a href='https:\/\/enviroclean.se\/de\/news\/enviroclean-auf-der-automechanika-2022\/'  style='text-decoration: none;'>\r\n\t\t    <div class='dws_component__button'>\r\n                <div>Read more<\/div>\r\n                <div>\r\n                    <img alt='arrow' src=https:\/\/enviroclean.se\/wp-content\/plugins\/dws-blocks\/src\/assets\/icons\/chevron_right.svg class='dws_component__button__icon'>\r\n                <\/div>\r\n            <\/div>\r\n\t\t<\/a><\/div><\/article><article class='dws_news__article'><div class='news-title'><h6 class='dws_news__date'>24-11-2021<\/h6><h3 class='dws_news__title'>Neues Partikanzahlmessger\u00e4t in der Entwicklung<\/h3><\/div><div style='max-width: 260px'><a href='https:\/\/enviroclean.se\/de\/news\/neues-partikanzahlmessgeraet-in-der-entwicklung\/'  style='text-decoration: none;'>\r\n\t\t    <div class='dws_component__button'>\r\n                <div>Read more<\/div>\r\n                <div>\r\n                    <img alt='arrow' src=https:\/\/enviroclean.se\/wp-content\/plugins\/dws-blocks\/src\/assets\/icons\/chevron_right.svg class='dws_component__button__icon'>\r\n                <\/div>\r\n            <\/div>\r\n\t\t<\/a><\/div><\/article><article class='dws_news__article'><div class='news-title'><h6 class='dws_news__date'>24-11-2021<\/h6><h3 class='dws_news__title'>Neue Eigent\u00fcmer<\/h3><\/div><div style='max-width: 260px'><a href='https:\/\/enviroclean.se\/de\/news\/neue-eigentuemer\/'  style='text-decoration: none;'>\r\n\t\t    <div class='dws_component__button'>\r\n                <div>Read more<\/div>\r\n                <div>\r\n                    <img alt='arrow' src=https:\/\/enviroclean.se\/wp-content\/plugins\/dws-blocks\/src\/assets\/icons\/chevron_right.svg class='dws_component__button__icon'>\r\n                <\/div>\r\n            <\/div>\r\n\t\t<\/a><\/div><\/article><article class='dws_news__article'><div class='news-title'><h6 class='dws_news__date'>24-11-2021<\/h6><h3 class='dws_news__title'>Namens\u00e4nderung in EnviroClean<\/h3><\/div><div style='max-width: 260px'><a href='https:\/\/enviroclean.se\/de\/news\/namensaenderung-in-enviroclean\/'  style='text-decoration: none;'>\r\n\t\t    <div class='dws_component__button'>\r\n                <div>Read more<\/div>\r\n                <div>\r\n                    <img alt='arrow' src=https:\/\/enviroclean.se\/wp-content\/plugins\/dws-blocks\/src\/assets\/icons\/chevron_right.svg class='dws_component__button__icon'>\r\n                <\/div>\r\n            <\/div>\r\n\t\t<\/a><\/div><\/article><article class='dws_news__article'><div class='news-title'><h6 class='dws_news__date'>24-11-2021<\/h6><h3 class='dws_news__title'>EnviroClean tritt der Sustainion Group bei<\/h3><\/div><div style='max-width: 260px'><a href='https:\/\/enviroclean.se\/de\/news\/enviroclean-tritt-der-sustainion-group-bei\/'  style='text-decoration: none;'>\r\n\t\t    <div class='dws_component__button'>\r\n                <div>Read more<\/div>\r\n                <div>\r\n                    <img alt='arrow' src=https:\/\/enviroclean.se\/wp-content\/plugins\/dws-blocks\/src\/assets\/icons\/chevron_right.svg class='dws_component__button__icon'>\r\n                <\/div>\r\n            <\/div>\r\n\t\t<\/a><\/div><\/article><\/div><\/section>","protected":false},"excerpt":{"rendered":"","protected":false},"author":1,"featured_media":0,"parent":0,"menu_order":0,"comment_status":"closed","ping_status":"closed","template":"","meta":{"footnotes":""},"class_list":["post-721","page","type-page","status-publish","hentry"],"acf":false,"yoast_head":"<!-- This site is optimized with the Yoast SEO plugin v21.6 - https:\/\/yoast.com\/wordpress\/plugins\/seo\/ -->\n<title>Neuigkeiten - EnviroClean<\/title>\n<meta name=\"robots\" content=\"index, follow, max-snippet:-1, max-image-preview:large, max-video-preview:-1\" \/>\n<link rel=\"canonical\" href=\"https:\/\/enviroclean.se\/de\/neuigkeiten\/\" \/>\n<meta property=\"og:locale\" content=\"de_DE\" \/>\n<meta property=\"og:type\" content=\"article\" \/>\n<meta property=\"og:title\" content=\"Neuigkeiten - EnviroClean\" \/>\n<meta property=\"og:url\" content=\"https:\/\/enviroclean.se\/de\/neuigkeiten\/\" \/>\n<meta property=\"og:site_name\" content=\"EnviroClean\" \/>\n<meta property=\"article:modified_time\" content=\"2021-11-23T13:53:17+00:00\" \/>\n<meta property=\"og:image\" content=\"https:\/\/enviroclean.se\/wp-content\/uploads\/2021\/09\/CloseUp_MG_3614.jpg\" \/>\n<meta name=\"twitter:card\" content=\"summary_large_image\" \/>\n<script type=\"application\/ld+json\" class=\"yoast-schema-graph\">{\"@context\":\"https:\/\/schema.org\",\"@graph\":[{\"@type\":\"WebPage\",\"@id\":\"https:\/\/enviroclean.se\/de\/neuigkeiten\/\",\"url\":\"https:\/\/enviroclean.se\/de\/neuigkeiten\/\",\"name\":\"Neuigkeiten - EnviroClean\",\"isPartOf\":{\"@id\":\"https:\/\/enviroclean.se\/#website\"},\"datePublished\":\"2021-09-04T13:03:11+00:00\",\"dateModified\":\"2021-11-23T13:53:17+00:00\",\"breadcrumb\":{\"@id\":\"https:\/\/enviroclean.se\/de\/neuigkeiten\/#breadcrumb\"},\"inLanguage\":\"de\",\"potentialAction\":[{\"@type\":\"ReadAction\",\"target\":[\"https:\/\/enviroclean.se\/de\/neuigkeiten\/\"]}]},{\"@type\":\"BreadcrumbList\",\"@id\":\"https:\/\/enviroclean.se\/de\/neuigkeiten\/#breadcrumb\",\"itemListElement\":[{\"@type\":\"ListItem\",\"position\":1,\"name\":\"Home\",\"item\":\"https:\/\/enviroclean.se\/de\/\"},{\"@type\":\"ListItem\",\"position\":2,\"name\":\"Neuigkeiten\"}]},{\"@type\":\"WebSite\",\"@id\":\"https:\/\/enviroclean.se\/#website\",\"url\":\"https:\/\/enviroclean.se\/\",\"name\":\"EnviroClean\",\"description\":\"Quality emission analyzers since 1994\",\"publisher\":{\"@id\":\"https:\/\/enviroclean.se\/#organization\"},\"potentialAction\":[{\"@type\":\"SearchAction\",\"target\":{\"@type\":\"EntryPoint\",\"urlTemplate\":\"https:\/\/enviroclean.se\/?s={search_term_string}\"},\"query-input\":\"required name=search_term_string\"}],\"inLanguage\":\"de\"},{\"@type\":\"Organization\",\"@id\":\"https:\/\/enviroclean.se\/#organization\",\"name\":\"EnviroClean\",\"url\":\"https:\/\/enviroclean.se\/\",\"logo\":{\"@type\":\"ImageObject\",\"inLanguage\":\"de\",\"@id\":\"https:\/\/enviroclean.se\/#\/schema\/logo\/image\/\",\"url\":\"https:\/\/enviroclean.se\/wp-content\/uploads\/2021\/09\/cropped-EnviroCleanExtremLowQuality-1.png\",\"contentUrl\":\"https:\/\/enviroclean.se\/wp-content\/uploads\/2021\/09\/cropped-EnviroCleanExtremLowQuality-1.png\",\"width\":326,\"height\":70,\"caption\":\"EnviroClean\"},\"image\":{\"@id\":\"https:\/\/enviroclean.se\/#\/schema\/logo\/image\/\"}}]}<\/script>\n<!-- \/ Yoast SEO plugin. -->","yoast_head_json":{"title":"Neuigkeiten - EnviroClean","robots":{"index":"index","follow":"follow","max-snippet":"max-snippet:-1","max-image-preview":"max-image-preview:large","max-video-preview":"max-video-preview:-1"},"canonical":"https:\/\/enviroclean.se\/de\/neuigkeiten\/","og_locale":"de_DE","og_type":"article","og_title":"Neuigkeiten - EnviroClean","og_url":"https:\/\/enviroclean.se\/de\/neuigkeiten\/","og_site_name":"EnviroClean","article_modified_time":"2021-11-23T13:53:17+00:00","og_image":[{"url":"https:\/\/enviroclean.se\/wp-content\/uploads\/2021\/09\/CloseUp_MG_3614.jpg"}],"twitter_card":"summary_large_image","schema":{"@context":"https:\/\/schema.org","@graph":[{"@type":"WebPage","@id":"https:\/\/enviroclean.se\/de\/neuigkeiten\/","url":"https:\/\/enviroclean.se\/de\/neuigkeiten\/","name":"Neuigkeiten - EnviroClean","isPartOf":{"@id":"https:\/\/enviroclean.se\/#website"},"datePublished":"2021-09-04T13:03:11+00:00","dateModified":"2021-11-23T13:53:17+00:00","breadcrumb":{"@id":"https:\/\/enviroclean.se\/de\/neuigkeiten\/#breadcrumb"},"inLanguage":"de","potentialAction":[{"@type":"ReadAction","target":["https:\/\/enviroclean.se\/de\/neuigkeiten\/"]}]},{"@type":"BreadcrumbList","@id":"https:\/\/enviroclean.se\/de\/neuigkeiten\/#breadcrumb","itemListElement":[{"@type":"ListItem","position":1,"name":"Home","item":"https:\/\/enviroclean.se\/de\/"},{"@type":"ListItem","position":2,"name":"Neuigkeiten"}]},{"@type":"WebSite","@id":"https:\/\/enviroclean.se\/#website","url":"https:\/\/enviroclean.se\/","name":"EnviroClean","description":"Quality emission analyzers since 1994","publisher":{"@id":"https:\/\/enviroclean.se\/#organization"},"potentialAction":[{"@type":"SearchAction","target":{"@type":"EntryPoint","urlTemplate":"https:\/\/enviroclean.se\/?s={search_term_string}"},"query-input":"required name=search_term_string"}],"inLanguage":"de"},{"@type":"Organization","@id":"https:\/\/enviroclean.se\/#organization","name":"EnviroClean","url":"https:\/\/enviroclean.se\/","logo":{"@type":"ImageObject","inLanguage":"de","@id":"https:\/\/enviroclean.se\/#\/schema\/logo\/image\/","url":"https:\/\/enviroclean.se\/wp-content\/uploads\/2021\/09\/cropped-EnviroCleanExtremLowQuality-1.png","contentUrl":"https:\/\/enviroclean.se\/wp-content\/uploads\/2021\/09\/cropped-EnviroCleanExtremLowQuality-1.png","width":326,"height":70,"caption":"EnviroClean"},"image":{"@id":"https:\/\/enviroclean.se\/#\/schema\/logo\/image\/"}}]}},"_links":{"self":[{"href":"https:\/\/enviroclean.se\/de\/wp-json\/wp\/v2\/pages\/721","targetHints":{"allow":["GET"]}}],"collection":[{"href":"https:\/\/enviroclean.se\/de\/wp-json\/wp\/v2\/pages"}],"about":[{"href":"https:\/\/enviroclean.se\/de\/wp-json\/wp\/v2\/types\/page"}],"author":[{"embeddable":true,"href":"https:\/\/enviroclean.se\/de\/wp-json\/wp\/v2\/users\/1"}],"replies":[{"embeddable":true,"href":"https:\/\/enviroclean.se\/de\/wp-json\/wp\/v2\/comments?post=721"}],"version-history":[{"count":1,"href":"https:\/\/enviroclean.se\/de\/wp-json\/wp\/v2\/pages\/721\/revisions"}],"predecessor-version":[{"id":722,"href":"https:\/\/enviroclean.se\/de\/wp-json\/wp\/v2\/pages\/721\/revisions\/722"}],"wp:attachment":[{"href":"https:\/\/enviroclean.se\/de\/wp-json\/wp\/v2\/media?parent=721"}],"curies":[{"name":"wp","href":"https:\/\/api.w.org\/{rel}","templated":true}]}}