{"id":713,"date":"2021-09-04T14:55:42","date_gmt":"2021-09-04T12:55:42","guid":{"rendered":"http:\/\/localhost:10118\/enviroclean\/"},"modified":"2025-07-04T09:39:21","modified_gmt":"2025-07-04T07:39:21","slug":"enviroclean-de","status":"publish","type":"page","link":"https:\/\/enviroclean.se\/de\/enviroclean-de\/","title":{"rendered":"EnviroClean"},"content":{"rendered":"\n<article class=\"wp-block-dws-hero-block alignfull dws_text__hero\"><div class=\"dws_text__hero__image\"><img decoding=\"async\" alt=\"cover image\" src=\"https:\/\/enviroclean.se\/wp-content\/uploads\/2023\/11\/CloseUp_MG_3614-3.jpg\"\/><div><\/div><\/div><div class=\"dws_text__hero__info\"><div class=\"dws_text__hero__info__content\"><h1>Herzlich wilkommen bei EnviroClean!<\/h1><p style=\"margin-bottom:2em\">EnviroClean entwickelt, produziert und wartet hochwertige Abgasmessger\u00e4te f\u00fcr Benzin- und Dieselmotoren. Ideal f\u00fcr den Einsatz bei der Abgasuntersuchung in Kfz-Werkst\u00e4tten und bei Pr\u00fcforganisationen.<\/p><div style=\"max-width:260px\"><a href=\"https:\/\/enviroclean.se\/de\/products\/\" style=\"text-decoration:none\"><div role=\"button\" tabindex=\"0\" class=\"dws_component__button\"><div>Entdecken Sie unsere Produkte<\/div><div><img decoding=\"async\" alt=\"&gt;\" src=\"data:image\/svg+xml;base64,PHN2ZyB3aWR0aD0iOCIgaGVpZ2h0PSIxMiIgdmlld0JveD0iMCAwIDggMTIiIGZpbGw9Im5vbmUiIHhtbG5zPSJodHRwOi8vd3d3LnczLm9yZy8yMDAwL3N2ZyI+DQogICAgPHBhdGggZD0iTTEuOTk5ODQgMEwwLjU4OTg0NCAxLjQxTDUuMTY5ODQgNkwwLjU4OTg0NCAxMC41OUwxLjk5OTg0IDEyTDcuOTk5ODQgNkwxLjk5OTg0IDBaIiBmaWxsPSJibGFjayIvPg0KPC9zdmc+\" class=\"dws_component__button__icon\"\/><\/div><\/div><\/a><\/div><\/div><\/div><\/article>\n\n\n    <div  class=\"block-poduct-list pt-30 product-list alignfull\" >\r\n    \r\n    <article class=\"dws_productList alignfull products-grey\">\r\n    <div class=\"dws_productList__content\">\r\n        <div class=\"swiper-container dws_productList__swiper\">\r\n            <div class=\"swiper-wrapper\">\r\n                                    <article class=\"dws_productList__productSwiper swiper-slide\">\r\n                            <div class=\"dws_productList__product__image\"><img decoding=\"async\" alt=\"EES Serie \u2013 Emissionsmessstationen image\" src=\"https:\/\/enviroclean.se\/wp-content\/uploads\/2025\/07\/EES-Logo.jpg\">\r\n                                <div class=\"dws_productList__product__image__overlay\"><\/div>\r\n                                <div class=\"dws_productList__product__image__text\">\r\n                                    <h4>EES Serie \u2013 Emissionsmessstationen<\/h4>\r\n                                    <h5>Eine Serie \u2013 alle Fahrzeugtypen, eine L\u00f6sung.<\/h5>\r\n                                <\/div>\r\n                            <\/div>\r\n                            <div class=\"dws_productList__product__description\">\r\n                                <p>Modular, gepr\u00fcft und sofort einsatzbereit: Die EES Serie eignet sich f\u00fcr Abgasuntersuchungen an Benzin- und Dieselfahrzeugen \u2013 auch Euro 6. Ideal f\u00fcr Werkstatt und Pr\u00fcfstelle.<\/p>\r\n                                <div class=\"dws_productList__product__button\">\r\n                                    <a href=\"https:\/\/enviroclean.se\/de\/products\/ees-400-ger\/\" style=\"text-decoration:none\" class=\"dws_component__button\" style=\"display: block;\">\r\n                                        <span>EES Serie \u2013 Emissionsmessstationen<\/span>\r\n                                        <svg width=\"8\" height=\"12\" viewBox=\"0 0 8 12\" fill=\"none\" xmlns=\"http:\/\/www.w3.org\/2000\/svg\"> <path d=\"M1.99984 0L0.589844 1.41L5.16984 6L0.589844 10.59L1.99984 12L7.99984 6L1.99984 0Z\" fill=\"white\"\/><\/svg>\r\n                                    <\/a>\r\n                                <\/div>\r\n                            <\/div>\r\n                    <\/article>\r\n                                        <article class=\"dws_productList__productSwiper swiper-slide\">\r\n                            <div class=\"dws_productList__product__image\"><img decoding=\"async\" alt=\"EPC 200 Partikelz\u00e4hler image\" src=\"https:\/\/enviroclean.se\/wp-content\/uploads\/2025\/07\/Bus-front-EPC-scaled.jpg\">\r\n                                <div class=\"dws_productList__product__image__overlay\"><\/div>\r\n                                <div class=\"dws_productList__product__image__text\">\r\n                                    <h4>EPC 200 Partikelz\u00e4hler<\/h4>\r\n                                    <h5>Partikel z\u00e4hlen leicht gemacht \u2013 mit Technik aus Schweden.<\/h5>\r\n                                <\/div>\r\n                            <\/div>\r\n                            <div class=\"dws_productList__product__description\">\r\n                                <p>Wartungsarme Technik f\u00fcr pr\u00e4zise Partikelmessung: Der EPC 200 arbeitet autark, verbraucht keine Filter und l\u00e4sst sich direkt in Pr\u00fcfabl\u00e4ufe integrieren.<\/p>\r\n                                <div class=\"dws_productList__product__button\">\r\n                                    <a href=\"https:\/\/enviroclean.se\/de\/products\/epc-200-ger\/\" style=\"text-decoration:none\" class=\"dws_component__button\" style=\"display: block;\">\r\n                                        <span>EPC 200 Partikelz\u00e4hler<\/span>\r\n                                        <svg width=\"8\" height=\"12\" viewBox=\"0 0 8 12\" fill=\"none\" xmlns=\"http:\/\/www.w3.org\/2000\/svg\"> <path d=\"M1.99984 0L0.589844 1.41L5.16984 6L0.589844 10.59L1.99984 12L7.99984 6L1.99984 0Z\" fill=\"white\"\/><\/svg>\r\n                                    <\/a>\r\n                                <\/div>\r\n                            <\/div>\r\n                    <\/article>\r\n                                        <article class=\"dws_productList__productSwiper swiper-slide\">\r\n                            <div class=\"dws_productList__product__image\"><img decoding=\"async\" alt=\"Autocom CARS Lizenz image\" src=\"https:\/\/enviroclean.se\/wp-content\/uploads\/2025\/07\/CARS1-scaled.jpg\">\r\n                                <div class=\"dws_productList__product__image__overlay\"><\/div>\r\n                                <div class=\"dws_productList__product__image__text\">\r\n                                    <h4>Autocom CARS Lizenz<\/h4>\r\n                                    <h5>Marken\u00fcbergreifend stark \u2013 mit Zugang zu allen relevanten Steuerger\u00e4ten.<\/h5>\r\n                                <\/div>\r\n                            <\/div>\r\n                            <div class=\"dws_productList__product__description\">\r\n                                <p>Die CARS 2025 Lizenz bietet marken\u00fcbergreifende Fahrzeugdiagnose f\u00fcr Pkw und leichte Nutzfahrzeuge. Mit \u00fcber 95\u202f% Abdeckung, Security Gateway f\u00fcr 19 Marken und regelm\u00e4\u00dfigen Updates ist sie die ideale L\u00f6sung f\u00fcr freie Werkst\u00e4tten.<\/p>\r\n                                <div class=\"dws_productList__product__button\">\r\n                                    <a href=\"https:\/\/enviroclean.se\/de\/products\/autocom-cars-lizenz\/\" style=\"text-decoration:none\" class=\"dws_component__button\" style=\"display: block;\">\r\n                                        <span>Autocom CARS Lizenz<\/span>\r\n                                        <svg width=\"8\" height=\"12\" viewBox=\"0 0 8 12\" fill=\"none\" xmlns=\"http:\/\/www.w3.org\/2000\/svg\"> <path d=\"M1.99984 0L0.589844 1.41L5.16984 6L0.589844 10.59L1.99984 12L7.99984 6L1.99984 0Z\" fill=\"white\"\/><\/svg>\r\n                                    <\/a>\r\n                                <\/div>\r\n                            <\/div>\r\n                    <\/article>\r\n                                        <article class=\"dws_productList__productSwiper swiper-slide\">\r\n                            <div class=\"dws_productList__product__image\"><img decoding=\"async\" alt=\"Autocom TRUCKS Lizenz image\" src=\"https:\/\/enviroclean.se\/wp-content\/uploads\/2025\/05\/Icon-scaled-e1751451171396.jpg\">\r\n                                <div class=\"dws_productList__product__image__overlay\"><\/div>\r\n                                <div class=\"dws_productList__product__image__text\">\r\n                                    <h4>Autocom TRUCKS Lizenz<\/h4>\r\n                                    <h5><\/h5>\r\n                                <\/div>\r\n                            <\/div>\r\n                            <div class=\"dws_productList__product__description\">\r\n                                <p>Diagnosesoftware f\u00fcr LKW, Busse &#038; Trailer. Unterst\u00fctzt 19.000 Systeme \u2013 inkl. Niveauregelung, Service-R\u00fcckstellung, Zylinderanalyse &#038; Kalibrierungen. F\u00fcr Profis \u2013 zuverl\u00e4ssig &#038; made in Sweden.<\/p>\r\n                                <div class=\"dws_productList__product__button\">\r\n                                    <a href=\"https:\/\/enviroclean.se\/de\/products\/autocom-trucks-lizenz\/\" style=\"text-decoration:none\" class=\"dws_component__button\" style=\"display: block;\">\r\n                                        <span>Autocom TRUCKS Lizenz<\/span>\r\n                                        <svg width=\"8\" height=\"12\" viewBox=\"0 0 8 12\" fill=\"none\" xmlns=\"http:\/\/www.w3.org\/2000\/svg\"> <path d=\"M1.99984 0L0.589844 1.41L5.16984 6L0.589844 10.59L1.99984 12L7.99984 6L1.99984 0Z\" fill=\"white\"\/><\/svg>\r\n                                    <\/a>\r\n                                <\/div>\r\n                            <\/div>\r\n                    <\/article>\r\n                                        <article class=\"dws_productList__productSwiper swiper-slide\">\r\n                            <div class=\"dws_productList__product__image\"><img decoding=\"async\" alt=\"Autocom VCI image\" src=\"https:\/\/enviroclean.se\/wp-content\/uploads\/2025\/05\/Icon-scaled-e1751451171396.jpg\">\r\n                                <div class=\"dws_productList__product__image__overlay\"><\/div>\r\n                                <div class=\"dws_productList__product__image__text\">\r\n                                    <h4>Autocom VCI<\/h4>\r\n                                    <h5><\/h5>\r\n                                <\/div>\r\n                            <\/div>\r\n                            <div class=\"dws_productList__product__description\">\r\n                                <p>Autocom VCI \u2013 Das vielseitige Diagnoseger\u00e4t f\u00fcr Pkw, Transporter und Lkw. OEM-konforme Fehlerdiagnose, Security Gateway und PassThru inklusive. Perfekt f\u00fcr Werkst\u00e4tten und Pr\u00fcforganisationen.<\/p>\r\n                                <div class=\"dws_productList__product__button\">\r\n                                    <a href=\"https:\/\/enviroclean.se\/de\/products\/autocom-icon-vci\/\" style=\"text-decoration:none\" class=\"dws_component__button\" style=\"display: block;\">\r\n                                        <span>Autocom VCI<\/span>\r\n                                        <svg width=\"8\" height=\"12\" viewBox=\"0 0 8 12\" fill=\"none\" xmlns=\"http:\/\/www.w3.org\/2000\/svg\"> <path d=\"M1.99984 0L0.589844 1.41L5.16984 6L0.589844 10.59L1.99984 12L7.99984 6L1.99984 0Z\" fill=\"white\"\/><\/svg>\r\n                                    <\/a>\r\n                                <\/div>\r\n                            <\/div>\r\n                    <\/article>\r\n                                <\/div>\r\n            <div class=\"swiper-pagination\"><\/div>\r\n        <\/div>\r\n    <\/div>\r\n    <\/article>\r\n    <\/div>\r\n    \n\n\n<article class=\"wp-block-dws-title-block dws_title alignfull title-white\"><div class=\"dws_title__content\"><h2 class=\"dws_title__title\">Aktuelle Neuigkeiten<\/h2><\/div><\/article>\n\n\n<section class='dws_news alignfull'><div class='dws_news__content'><article class='dws_news__article'><div class='news-title'><h6 class='dws_news__date'>22-08-2025<\/h6><h3 class='dws_news__title'>Automechanika 2026 Frankfurt Partikelz\u00e4hler Abgastest Diagnose<\/h3><\/div><div style='max-width: 260px'><a href='https:\/\/enviroclean.se\/de\/news\/automechanika-2026-enviroclean\/'  style='text-decoration: none;'>\r\n\t\t    <div class='dws_component__button'>\r\n                <div>Read more<\/div>\r\n                <div>\r\n                    <img alt='arrow' src=https:\/\/enviroclean.se\/wp-content\/plugins\/dws-blocks\/src\/assets\/icons\/chevron_right.svg class='dws_component__button__icon'>\r\n                <\/div>\r\n            <\/div>\r\n\t\t<\/a><\/div><\/article><article class='dws_news__article'><div class='news-title'><h6 class='dws_news__date'>21-05-2025<\/h6><h3 class='dws_news__title'>Enviroclean wird Vertriebspartner von Autocom \u2013 Diagnosel\u00f6sungen f\u00fcr Werkst\u00e4tten, Busbetriebe und Flotten<\/h3><\/div><div style='max-width: 260px'><a href='https:\/\/enviroclean.se\/de\/news\/enviroclean-wird-vertriebspartner-von-autocom-diagnoselosungen-fur-werkstatten-busbetriebe-und-flotten\/'  style='text-decoration: none;'>\r\n\t\t    <div class='dws_component__button'>\r\n                <div>Read more<\/div>\r\n                <div>\r\n                    <img alt='arrow' src=https:\/\/enviroclean.se\/wp-content\/plugins\/dws-blocks\/src\/assets\/icons\/chevron_right.svg class='dws_component__button__icon'>\r\n                <\/div>\r\n            <\/div>\r\n\t\t<\/a><\/div><\/article><\/div><\/section>\n\n\n<p><\/p>\n","protected":false},"excerpt":{"rendered":"","protected":false},"author":1,"featured_media":0,"parent":0,"menu_order":0,"comment_status":"closed","ping_status":"closed","template":"","meta":{"footnotes":""},"class_list":["post-713","page","type-page","status-publish","hentry"],"acf":false,"yoast_head":"<!-- This site is optimized with the Yoast SEO plugin v21.6 - https:\/\/yoast.com\/wordpress\/plugins\/seo\/ -->\n<title>EPC 200 Partikelz\u00e4hler &amp; Abgastester \u2013 Enviroclean Schweden<\/title>\n<meta name=\"description\" content=\"Enviroclean: EPC 200 Partikelz\u00e4hler &amp; EES Abgastester. Autocom Distributor in Schweden. Emissionspr\u00fcfung &amp; Fahrzeugdiagnose aus einer Hand.\" \/>\n<meta name=\"robots\" content=\"index, follow, max-snippet:-1, max-image-preview:large, max-video-preview:-1\" \/>\n<link rel=\"canonical\" href=\"https:\/\/enviroclean.se\/de\/enviroclean-de\/\" \/>\n<meta property=\"og:locale\" content=\"de_DE\" \/>\n<meta property=\"og:type\" content=\"article\" \/>\n<meta property=\"og:title\" content=\"EPC 200 Partikelz\u00e4hler &amp; Abgastester \u2013 Enviroclean Schweden\" \/>\n<meta property=\"og:description\" content=\"Enviroclean: EPC 200 Partikelz\u00e4hler &amp; EES Abgastester. Autocom Distributor in Schweden. Emissionspr\u00fcfung &amp; Fahrzeugdiagnose aus einer Hand.\" \/>\n<meta property=\"og:url\" content=\"https:\/\/enviroclean.se\/de\/enviroclean-de\/\" \/>\n<meta property=\"og:site_name\" content=\"EnviroClean\" \/>\n<meta property=\"article:modified_time\" content=\"2025-07-04T07:39:21+00:00\" \/>\n<meta property=\"og:image\" content=\"https:\/\/enviroclean.se\/wp-content\/uploads\/2023\/11\/CloseUp_MG_3614-3.jpg\" \/>\n<meta name=\"twitter:card\" content=\"summary_large_image\" \/>\n<meta name=\"twitter:label1\" content=\"Gesch\u00e4tzte Lesezeit\" \/>\n\t<meta name=\"twitter:data1\" content=\"1\u00a0Minute\" \/>\n<script type=\"application\/ld+json\" class=\"yoast-schema-graph\">{\"@context\":\"https:\/\/schema.org\",\"@graph\":[{\"@type\":\"WebPage\",\"@id\":\"https:\/\/enviroclean.se\/de\/enviroclean-de\/\",\"url\":\"https:\/\/enviroclean.se\/de\/enviroclean-de\/\",\"name\":\"EPC 200 Partikelz\u00e4hler & Abgastester \u2013 Enviroclean Schweden\",\"isPartOf\":{\"@id\":\"https:\/\/enviroclean.se\/#website\"},\"datePublished\":\"2021-09-04T12:55:42+00:00\",\"dateModified\":\"2025-07-04T07:39:21+00:00\",\"description\":\"Enviroclean: EPC 200 Partikelz\u00e4hler & EES Abgastester. Autocom Distributor in Schweden. Emissionspr\u00fcfung & Fahrzeugdiagnose aus einer Hand.\",\"breadcrumb\":{\"@id\":\"https:\/\/enviroclean.se\/de\/enviroclean-de\/#breadcrumb\"},\"inLanguage\":\"de\",\"potentialAction\":[{\"@type\":\"ReadAction\",\"target\":[\"https:\/\/enviroclean.se\/de\/enviroclean-de\/\"]}]},{\"@type\":\"BreadcrumbList\",\"@id\":\"https:\/\/enviroclean.se\/de\/enviroclean-de\/#breadcrumb\",\"itemListElement\":[{\"@type\":\"ListItem\",\"position\":1,\"name\":\"Home\",\"item\":\"https:\/\/enviroclean.se\/de\/\"},{\"@type\":\"ListItem\",\"position\":2,\"name\":\"EnviroClean\"}]},{\"@type\":\"WebSite\",\"@id\":\"https:\/\/enviroclean.se\/#website\",\"url\":\"https:\/\/enviroclean.se\/\",\"name\":\"EnviroClean\",\"description\":\"Quality emission analyzers since 1994\",\"publisher\":{\"@id\":\"https:\/\/enviroclean.se\/#organization\"},\"potentialAction\":[{\"@type\":\"SearchAction\",\"target\":{\"@type\":\"EntryPoint\",\"urlTemplate\":\"https:\/\/enviroclean.se\/?s={search_term_string}\"},\"query-input\":\"required name=search_term_string\"}],\"inLanguage\":\"de\"},{\"@type\":\"Organization\",\"@id\":\"https:\/\/enviroclean.se\/#organization\",\"name\":\"EnviroClean\",\"url\":\"https:\/\/enviroclean.se\/\",\"logo\":{\"@type\":\"ImageObject\",\"inLanguage\":\"de\",\"@id\":\"https:\/\/enviroclean.se\/#\/schema\/logo\/image\/\",\"url\":\"https:\/\/enviroclean.se\/wp-content\/uploads\/2021\/09\/cropped-EnviroCleanExtremLowQuality-1.png\",\"contentUrl\":\"https:\/\/enviroclean.se\/wp-content\/uploads\/2021\/09\/cropped-EnviroCleanExtremLowQuality-1.png\",\"width\":326,\"height\":70,\"caption\":\"EnviroClean\"},\"image\":{\"@id\":\"https:\/\/enviroclean.se\/#\/schema\/logo\/image\/\"}}]}<\/script>\n<!-- \/ Yoast SEO plugin. -->","yoast_head_json":{"title":"EPC 200 Partikelz\u00e4hler & Abgastester \u2013 Enviroclean Schweden","description":"Enviroclean: EPC 200 Partikelz\u00e4hler & EES Abgastester. Autocom Distributor in Schweden. Emissionspr\u00fcfung & Fahrzeugdiagnose aus einer Hand.","robots":{"index":"index","follow":"follow","max-snippet":"max-snippet:-1","max-image-preview":"max-image-preview:large","max-video-preview":"max-video-preview:-1"},"canonical":"https:\/\/enviroclean.se\/de\/enviroclean-de\/","og_locale":"de_DE","og_type":"article","og_title":"EPC 200 Partikelz\u00e4hler & Abgastester \u2013 Enviroclean Schweden","og_description":"Enviroclean: EPC 200 Partikelz\u00e4hler & EES Abgastester. Autocom Distributor in Schweden. Emissionspr\u00fcfung & Fahrzeugdiagnose aus einer Hand.","og_url":"https:\/\/enviroclean.se\/de\/enviroclean-de\/","og_site_name":"EnviroClean","article_modified_time":"2025-07-04T07:39:21+00:00","og_image":[{"url":"https:\/\/enviroclean.se\/wp-content\/uploads\/2023\/11\/CloseUp_MG_3614-3.jpg"}],"twitter_card":"summary_large_image","twitter_misc":{"Gesch\u00e4tzte Lesezeit":"1\u00a0Minute"},"schema":{"@context":"https:\/\/schema.org","@graph":[{"@type":"WebPage","@id":"https:\/\/enviroclean.se\/de\/enviroclean-de\/","url":"https:\/\/enviroclean.se\/de\/enviroclean-de\/","name":"EPC 200 Partikelz\u00e4hler & Abgastester \u2013 Enviroclean Schweden","isPartOf":{"@id":"https:\/\/enviroclean.se\/#website"},"datePublished":"2021-09-04T12:55:42+00:00","dateModified":"2025-07-04T07:39:21+00:00","description":"Enviroclean: EPC 200 Partikelz\u00e4hler & EES Abgastester. Autocom Distributor in Schweden. Emissionspr\u00fcfung & Fahrzeugdiagnose aus einer Hand.","breadcrumb":{"@id":"https:\/\/enviroclean.se\/de\/enviroclean-de\/#breadcrumb"},"inLanguage":"de","potentialAction":[{"@type":"ReadAction","target":["https:\/\/enviroclean.se\/de\/enviroclean-de\/"]}]},{"@type":"BreadcrumbList","@id":"https:\/\/enviroclean.se\/de\/enviroclean-de\/#breadcrumb","itemListElement":[{"@type":"ListItem","position":1,"name":"Home","item":"https:\/\/enviroclean.se\/de\/"},{"@type":"ListItem","position":2,"name":"EnviroClean"}]},{"@type":"WebSite","@id":"https:\/\/enviroclean.se\/#website","url":"https:\/\/enviroclean.se\/","name":"EnviroClean","description":"Quality emission analyzers since 1994","publisher":{"@id":"https:\/\/enviroclean.se\/#organization"},"potentialAction":[{"@type":"SearchAction","target":{"@type":"EntryPoint","urlTemplate":"https:\/\/enviroclean.se\/?s={search_term_string}"},"query-input":"required name=search_term_string"}],"inLanguage":"de"},{"@type":"Organization","@id":"https:\/\/enviroclean.se\/#organization","name":"EnviroClean","url":"https:\/\/enviroclean.se\/","logo":{"@type":"ImageObject","inLanguage":"de","@id":"https:\/\/enviroclean.se\/#\/schema\/logo\/image\/","url":"https:\/\/enviroclean.se\/wp-content\/uploads\/2021\/09\/cropped-EnviroCleanExtremLowQuality-1.png","contentUrl":"https:\/\/enviroclean.se\/wp-content\/uploads\/2021\/09\/cropped-EnviroCleanExtremLowQuality-1.png","width":326,"height":70,"caption":"EnviroClean"},"image":{"@id":"https:\/\/enviroclean.se\/#\/schema\/logo\/image\/"}}]}},"_links":{"self":[{"href":"https:\/\/enviroclean.se\/de\/wp-json\/wp\/v2\/pages\/713","targetHints":{"allow":["GET"]}}],"collection":[{"href":"https:\/\/enviroclean.se\/de\/wp-json\/wp\/v2\/pages"}],"about":[{"href":"https:\/\/enviroclean.se\/de\/wp-json\/wp\/v2\/types\/page"}],"author":[{"embeddable":true,"href":"https:\/\/enviroclean.se\/de\/wp-json\/wp\/v2\/users\/1"}],"replies":[{"embeddable":true,"href":"https:\/\/enviroclean.se\/de\/wp-json\/wp\/v2\/comments?post=713"}],"version-history":[{"count":38,"href":"https:\/\/enviroclean.se\/de\/wp-json\/wp\/v2\/pages\/713\/revisions"}],"predecessor-version":[{"id":1488,"href":"https:\/\/enviroclean.se\/de\/wp-json\/wp\/v2\/pages\/713\/revisions\/1488"}],"wp:attachment":[{"href":"https:\/\/enviroclean.se\/de\/wp-json\/wp\/v2\/media?parent=713"}],"curies":[{"name":"wp","href":"https:\/\/api.w.org\/{rel}","templated":true}]}}